{"id":8564,"date":"2023-10-05T12:39:11","date_gmt":"2023-10-05T12:39:11","guid":{"rendered":"https:\/\/vilarmarine.com\/?page_id=8564"},"modified":"2023-10-05T12:39:11","modified_gmt":"2023-10-05T12:39:11","slug":"servicios","status":"publish","type":"page","link":"https:\/\/vilarmarine.com\/es\/servicios\/","title":{"rendered":"Servicios"},"content":{"rendered":"<section class=\"l-section wpb_row us_custom_0d15be52 height_auto with_img parallax_fixed\" id=\"services\"><div class=\"l-section-img\" role=\"img\" data-img-width=\"1620\" data-img-height=\"1080\" style=\"background-image: url(https:\/\/vilarmarine.com\/wp-content\/uploads\/2022\/07\/dhgjhthjtr.jpg);\"><\/div><div class=\"l-section-overlay\" style=\"background:rgba(26,26,26,0.56)\"><\/div><div class=\"l-section-h i-cf\"><div class=\"g-cols vc_row via_flex valign_top type_boxes stacking_default\"><div class=\"vc_col-sm-12 wpb_column vc_column_container\"><div class=\"vc_column-inner\"><div class=\"wpb_wrapper\"><div class=\"g-cols wpb_row via_flex valign_top type_default stacking_default\"><div class=\"vc_col-sm-12 wpb_column vc_column_container\"><div class=\"vc_column-inner us_custom_7e20fa79 us_animate_this\"><div class=\"wpb_wrapper\"><h3 class=\"w-text us_custom_9b630f6b has_text_color\"><span class=\"w-text-h\"><span class=\"w-text-value\">Servicios profesionales de consultor\u00eda marina<\/span><\/span><\/h3><\/div><\/div><\/div><\/div><div class=\"w-separator size_small\"><\/div><div class=\"w-separator size_small\"><\/div><div class=\"g-cols wpb_row via_flex valign_middle type_default stacking_default\" style=\"--additional-gap:10px;\"><div class=\"vc_col-sm-4 wpb_column vc_column_container  has_bg_color\"><div class=\"vc_column-inner us_custom_fc843975 us_animate_this\"><div class=\"wpb_wrapper\"><div class=\"w-iconbox us_custom_abc12e86 iconpos_top style_default color_primary align_center no_text\"><div class=\"w-iconbox-icon\" style=\"font-size:60px;\"><i class=\"fad fa-tasks\"><\/i><\/div><div class=\"w-iconbox-meta\"><h2 class=\"w-iconbox-title\" style=\"font-size:1.3rem;\">GESTI\u00d3N DE PROYECTOS Y SUPERVISI\u00d3N DE OBRA<\/h2><\/div><\/div><div class=\"w-separator size_custom\" style=\"height:5px\"><\/div><div class=\"w-btn-wrapper align_center\"><a class=\"w-btn us-btn-style_1 us_custom_7b84a47e\" href=\"https:\/\/vilarmarine.com\/es\/gestion-proyectos-supervision-obra\/\"><span class=\"w-btn-label\">SABER M\u00c1S<\/span><\/a><\/div><\/div><\/div><\/div><div class=\"vc_col-sm-4 wpb_column vc_column_container  has_bg_color\"><div class=\"vc_column-inner us_custom_d5bf2cf6 us_animate_this\"><div class=\"wpb_wrapper\"><div class=\"w-iconbox us_custom_abc12e86 iconpos_top style_default color_primary align_center no_text\"><div class=\"w-iconbox-icon\" style=\"font-size:60px;\"><i class=\"fad fa-drafting-compass\"><\/i><\/div><div class=\"w-iconbox-meta\"><h2 class=\"w-iconbox-title\" style=\"font-size:1.3rem;\">INGENIER\u00cdA NAVAL Y PERITACIONES<\/h2><\/div><\/div><div class=\"w-separator size_custom\" style=\"height:5px\"><\/div><div class=\"w-btn-wrapper align_center\"><a class=\"w-btn us-btn-style_1 us_custom_7b84a47e\" href=\"https:\/\/vilarmarine.com\/es\/ingenieria-naval-peritaciones\/\"><span class=\"w-btn-label\">SABER M\u00c1S<\/span><\/a><\/div><\/div><\/div><\/div><div class=\"vc_col-sm-4 wpb_column vc_column_container  has_bg_color\"><div class=\"vc_column-inner us_custom_e4aa9e52 us_animate_this\"><div class=\"wpb_wrapper\"><div class=\"w-iconbox us_custom_abc12e86 iconpos_top style_default color_primary align_center no_text\"><div class=\"w-iconbox-icon\" style=\"font-size:60px;\"><i class=\"fad fa-ship\"><\/i><\/div><div class=\"w-iconbox-meta\"><h2 class=\"w-iconbox-title\" style=\"font-size:1.3rem;\">GESTI\u00d3N DE FLOTA<\/h2><\/div><\/div><div class=\"w-separator size_custom\" style=\"height:5px\"><\/div><div class=\"w-btn-wrapper align_center\"><a class=\"w-btn us-btn-style_1 us_custom_7b84a47e\" href=\"https:\/\/vilarmarine.com\/es\/gestion-flotas\/\"><span class=\"w-btn-label\">SABER M\u00c1S<\/span><\/a><\/div><\/div><\/div><\/div><\/div><\/div><\/div><\/div><\/div><\/div><\/section>\n","protected":false},"excerpt":{"rendered":"Servicios profesionales de consultor\u00eda marinaGESTI\u00d3N DE PROYECTOS Y SUPERVISI\u00d3N DE OBRASABER M\u00c1SINGENIER\u00cdA NAVAL Y PERITACIONESSABER M\u00c1SGESTI\u00d3N DE FLOTASABER M\u00c1S","protected":false},"author":3,"featured_media":0,"parent":0,"menu_order":0,"comment_status":"closed","ping_status":"closed","template":"","meta":{"_joinchat":[],"footnotes":""},"yoast_head":"<!-- This site is optimized with the Yoast SEO plugin v22.8 - https:\/\/yoast.com\/wordpress\/plugins\/seo\/ -->\n<title>Servicios | VILAR MARINE<\/title>\n<meta name=\"description\" content=\"Explora nuestros servicios de gesti\u00f3n de flotas, mantenimiento naval, gesti\u00f3n de documentaci\u00f3n y soporte operativo\" \/>\n<meta name=\"robots\" content=\"index, follow, max-snippet:-1, max-image-preview:large, max-video-preview:-1\" \/>\n<link rel=\"canonical\" href=\"https:\/\/vilarmarine.com\/es\/servicios\/\" \/>\n<meta property=\"og:locale\" content=\"es_ES\" \/>\n<meta property=\"og:type\" content=\"article\" \/>\n<meta property=\"og:title\" content=\"Servicios | VILAR MARINE\" \/>\n<meta property=\"og:description\" content=\"Explora nuestros servicios de gesti\u00f3n de flotas, mantenimiento naval, gesti\u00f3n de documentaci\u00f3n y soporte operativo\" \/>\n<meta property=\"og:url\" content=\"https:\/\/vilarmarine.com\/es\/servicios\/\" \/>\n<meta property=\"og:site_name\" content=\"VILAR MARINE\" \/>\n<meta name=\"twitter:card\" content=\"summary_large_image\" \/>\n<meta name=\"twitter:label1\" content=\"Tiempo de lectura\" \/>\n\t<meta name=\"twitter:data1\" content=\"1 minuto\" \/>\n<script type=\"application\/ld+json\" class=\"yoast-schema-graph\">{\"@context\":\"https:\/\/schema.org\",\"@graph\":[{\"@type\":\"WebPage\",\"@id\":\"https:\/\/vilarmarine.com\/es\/servicios\/\",\"url\":\"https:\/\/vilarmarine.com\/es\/servicios\/\",\"name\":\"Servicios | VILAR MARINE\",\"isPartOf\":{\"@id\":\"https:\/\/vilarmarine.com\/es\/#website\"},\"datePublished\":\"2023-10-05T12:39:11+00:00\",\"dateModified\":\"2023-10-05T12:39:11+00:00\",\"description\":\"Explora nuestros servicios de gesti\u00f3n de flotas, mantenimiento naval, gesti\u00f3n de documentaci\u00f3n y soporte operativo\",\"breadcrumb\":{\"@id\":\"https:\/\/vilarmarine.com\/es\/servicios\/#breadcrumb\"},\"inLanguage\":\"es\",\"potentialAction\":[{\"@type\":\"ReadAction\",\"target\":[\"https:\/\/vilarmarine.com\/es\/servicios\/\"]}]},{\"@type\":\"BreadcrumbList\",\"@id\":\"https:\/\/vilarmarine.com\/es\/servicios\/#breadcrumb\",\"itemListElement\":[{\"@type\":\"ListItem\",\"position\":1,\"name\":\"Portada\",\"item\":\"https:\/\/vilarmarine.com\/es\/\"},{\"@type\":\"ListItem\",\"position\":2,\"name\":\"Servicios\"}]},{\"@type\":\"WebSite\",\"@id\":\"https:\/\/vilarmarine.com\/es\/#website\",\"url\":\"https:\/\/vilarmarine.com\/es\/\",\"name\":\"VILAR MARINE\",\"description\":\"\",\"publisher\":{\"@id\":\"https:\/\/vilarmarine.com\/es\/#organization\"},\"potentialAction\":[{\"@type\":\"SearchAction\",\"target\":{\"@type\":\"EntryPoint\",\"urlTemplate\":\"https:\/\/vilarmarine.com\/es\/?s={search_term_string}\"},\"query-input\":\"required name=search_term_string\"}],\"inLanguage\":\"es\"},{\"@type\":\"Organization\",\"@id\":\"https:\/\/vilarmarine.com\/es\/#organization\",\"name\":\"VILAR MARINE\",\"url\":\"https:\/\/vilarmarine.com\/es\/\",\"logo\":{\"@type\":\"ImageObject\",\"inLanguage\":\"es\",\"@id\":\"https:\/\/vilarmarine.com\/es\/#\/schema\/logo\/image\/\",\"url\":\"\",\"contentUrl\":\"\",\"caption\":\"VILAR MARINE\"},\"image\":{\"@id\":\"https:\/\/vilarmarine.com\/es\/#\/schema\/logo\/image\/\"}}]}<\/script>\n<!-- \/ Yoast SEO plugin. -->","yoast_head_json":{"title":"Servicios | VILAR MARINE","description":"Explora nuestros servicios de gesti\u00f3n de flotas, mantenimiento naval, gesti\u00f3n de documentaci\u00f3n y soporte operativo","robots":{"index":"index","follow":"follow","max-snippet":"max-snippet:-1","max-image-preview":"max-image-preview:large","max-video-preview":"max-video-preview:-1"},"canonical":"https:\/\/vilarmarine.com\/es\/servicios\/","og_locale":"es_ES","og_type":"article","og_title":"Servicios | VILAR MARINE","og_description":"Explora nuestros servicios de gesti\u00f3n de flotas, mantenimiento naval, gesti\u00f3n de documentaci\u00f3n y soporte operativo","og_url":"https:\/\/vilarmarine.com\/es\/servicios\/","og_site_name":"VILAR MARINE","twitter_card":"summary_large_image","twitter_misc":{"Tiempo de lectura":"1 minuto"},"schema":{"@context":"https:\/\/schema.org","@graph":[{"@type":"WebPage","@id":"https:\/\/vilarmarine.com\/es\/servicios\/","url":"https:\/\/vilarmarine.com\/es\/servicios\/","name":"Servicios | VILAR MARINE","isPartOf":{"@id":"https:\/\/vilarmarine.com\/es\/#website"},"datePublished":"2023-10-05T12:39:11+00:00","dateModified":"2023-10-05T12:39:11+00:00","description":"Explora nuestros servicios de gesti\u00f3n de flotas, mantenimiento naval, gesti\u00f3n de documentaci\u00f3n y soporte operativo","breadcrumb":{"@id":"https:\/\/vilarmarine.com\/es\/servicios\/#breadcrumb"},"inLanguage":"es","potentialAction":[{"@type":"ReadAction","target":["https:\/\/vilarmarine.com\/es\/servicios\/"]}]},{"@type":"BreadcrumbList","@id":"https:\/\/vilarmarine.com\/es\/servicios\/#breadcrumb","itemListElement":[{"@type":"ListItem","position":1,"name":"Portada","item":"https:\/\/vilarmarine.com\/es\/"},{"@type":"ListItem","position":2,"name":"Servicios"}]},{"@type":"WebSite","@id":"https:\/\/vilarmarine.com\/es\/#website","url":"https:\/\/vilarmarine.com\/es\/","name":"VILAR MARINE","description":"","publisher":{"@id":"https:\/\/vilarmarine.com\/es\/#organization"},"potentialAction":[{"@type":"SearchAction","target":{"@type":"EntryPoint","urlTemplate":"https:\/\/vilarmarine.com\/es\/?s={search_term_string}"},"query-input":"required name=search_term_string"}],"inLanguage":"es"},{"@type":"Organization","@id":"https:\/\/vilarmarine.com\/es\/#organization","name":"VILAR MARINE","url":"https:\/\/vilarmarine.com\/es\/","logo":{"@type":"ImageObject","inLanguage":"es","@id":"https:\/\/vilarmarine.com\/es\/#\/schema\/logo\/image\/","url":"","contentUrl":"","caption":"VILAR MARINE"},"image":{"@id":"https:\/\/vilarmarine.com\/es\/#\/schema\/logo\/image\/"}}]}},"_links":{"self":[{"href":"https:\/\/vilarmarine.com\/es\/wp-json\/wp\/v2\/pages\/8564"}],"collection":[{"href":"https:\/\/vilarmarine.com\/es\/wp-json\/wp\/v2\/pages"}],"about":[{"href":"https:\/\/vilarmarine.com\/es\/wp-json\/wp\/v2\/types\/page"}],"author":[{"embeddable":true,"href":"https:\/\/vilarmarine.com\/es\/wp-json\/wp\/v2\/users\/3"}],"replies":[{"embeddable":true,"href":"https:\/\/vilarmarine.com\/es\/wp-json\/wp\/v2\/comments?post=8564"}],"version-history":[{"count":1,"href":"https:\/\/vilarmarine.com\/es\/wp-json\/wp\/v2\/pages\/8564\/revisions"}],"predecessor-version":[{"id":8565,"href":"https:\/\/vilarmarine.com\/es\/wp-json\/wp\/v2\/pages\/8564\/revisions\/8565"}],"wp:attachment":[{"href":"https:\/\/vilarmarine.com\/es\/wp-json\/wp\/v2\/media?parent=8564"}],"curies":[{"name":"wp","href":"https:\/\/api.w.org\/{rel}","templated":true}]}}