{"id":8560,"date":"2023-10-05T12:19:39","date_gmt":"2023-10-05T12:19:39","guid":{"rendered":"https:\/\/vilarmarine.com\/?page_id=8560"},"modified":"2023-10-05T12:19:39","modified_gmt":"2023-10-05T12:19:39","slug":"accesibilidad","status":"publish","type":"page","link":"https:\/\/vilarmarine.com\/es\/accesibilidad\/","title":{"rendered":"Accesibilidad"},"content":{"rendered":"<h1>Documento de accesibilidad<\/h1>\n<div><span style=\"text-transform: uppercase;\">VILAR NAVAL ARCHITECTS S.L.U. <\/span> se ha comprometido a hacer accesible su sitio web, de conformidad con <a href=\"https:\/\/www.boe.es\/diario_boe\/txt.php?id=BOE-A-2018-12699\">Real Decreto 1112\/2018, de 7 de septiembre, sobre accesibilidad de los sitios web y aplicaciones para dispositivos m\u00f3viles del sector p\u00fablico.<\/a><\/div>\n<div>La presente declaraci\u00f3n de accesibilidad se aplica al sitio web <a href=\"https:\/\/vilarmarine.com\/\">https:\/\/vilarmarine.com\/<\/a><\/div>\n<h2>Situaci\u00f3n de cumplimiento<\/h2>\n<div>Este sitio web es parcialmente conforme con el <a href=\"https:\/\/www.boe.es\/diario_boe\/txt.php?id=BOE-A-2018-12699\">RD 1112\/2018<\/a> debido a las excepciones y a la falta de conformidad de los aspectos que se indican en el siguiente punto.<\/div>\n<h2>Contenido no accesible<\/h2>\n<h3>Falta de conformidad con el RD 1112\/2018<\/h3>\n<div>El contenido que se recoge a continuaci\u00f3n no es accesible por lo siguiente:<\/div>\n<ul>\n<li>La identificaci\u00f3n del porp\u00f3sito de la entrada en campos para recoger informaci\u00f3n del usuario puede no ser determinado pragmaticamente [requisito n\u00famero 9.1.3.5 identificaci\u00f3n del prop\u00f3sito de la entrada (Condicional) de UNE-EN 301-549-2019].<\/li>\n<li>La presentaci\u00f3n visual de textos e im\u00e1genes puede no tener una relaci\u00f3n de al menos 4,5:1 [requisito n\u00famero 9.1.4.3 Contraste (m\u00ednimo) de UNE-EN 301-549-2019 ].<\/li>\n<li>Para los componentes de la interfaz de usurio con etiquetas que incluyen texto o im\u00e1genes de texto el nombre puede no contener el texto que se presenta visualmente [requisito n\u00famero 9.2.5.3 Inclusi\u00f3n de la etiqueta en el nombre (Condicional) de UNE-EN 301-549-2019 ].<\/li>\n<li>Puede que no se satisfagan los cinco requisitos de conformidad de las pautas WCAG 2.1 [requisito n\u00famero 9.6 Requisitos de conformidad de las Pautas WCAG (Condicional) de UNE-EN 301-549-2019 ].<\/li>\n<\/ul>\n<h3>Carga desproporcionada<\/h3>\n<div>No aplica<\/div>\n<h3>El contenido no entra dentro del \u00e1mbito de la legislaci\u00f3n aplicable<\/h3>\n<div>Algunos contenidos de la web se crearon con anterioridad a la tienda, se ha intentado realizar una revisi\u00f3n de la accesibilidad de todos los elementos que la conforman para dar cumplimiento con el RD 1112\/2018 no obstante puede haber elementos que puedan optimizarse.<\/div>\n<h2>Preparaci\u00f3n de la presenta declaraci\u00f3n de accesibilidad<\/h2>\n<div>La presente declaraci\u00f3n fue preparada el 23 de enero de 2023.<\/div>\n<div>El m\u00e9todo empleado para preparar la declaraci\u00f3n ha sido una autoevaluaci\u00f3n llevada a cabo por la propia empresa creadora de la p\u00e1gina web, en este caso La Primera Telecomunicaci\u00f3n S.L.<\/div>\n<div><strong>Observaciones y datos de contacto<\/strong><\/div>\n<div>Puede realizar <strong>comunicaciones<\/strong> sobre requisitos de accesibilidad (art\u00edculo 10.2.a) del RD 1112\/2018) como por ejemplo:<\/div>\n<ul>\n<li>informar sobre cualquier posible <strong>incumplimiento<\/strong> por parte de este sitio web<\/li>\n<li>transmitir otras <strong>dificultades de acceso<\/strong> al contenido<\/li>\n<li>formular cualquier otra<strong> consulta o sugerencia de mejora<\/strong> relativa a la accesibilidad del sitio web<\/li>\n<\/ul>\n<div>A trav\u00e9s del <a href=\"https:\/\/vilarmarine.com\/contacto\/\">formulario de contacto de <span style=\"text-transform: uppercase;\">vilarmarine.com <\/span><\/a> o llamando al tel\u00e9fono 644977079.<\/div>\n<div>Puede presentar:<\/div>\n<ul>\n<li>Queja relativa al cumplimiento de los requisitos del RD 1112\/2018 o<\/li>\n<li>Solicitud de Informaci\u00f3n accesible relativa a:\n<ul>\n<li>contenidos que est\u00e1n excluidos del \u00e1mbito de aplicaci\u00f3n del RD 1112\/2018 seg\u00fan lo establecido por el art\u00edculo 3, apartado 4<\/li>\n<li>contenidos que est\u00e1n exentos del cumplimiento de los requisitos de accesibilidad por imponer una carga desproporcionada.<\/li>\n<\/ul>\n<\/li>\n<\/ul>\n<div>En la Solicitud de informaci\u00f3n accesible, se debe concretar, con toda claridad, los hechos, razones y petici\u00f3n que permitan constatar que se trata de una solicitud razonable y leg\u00edtima. Estas reclamaciones ser\u00e1n recibidas y tratadas por <span style=\"text-transform: uppercase;\">VILAR NAVAL ARCHITECTS S.L.U. <\/span> S.L.<\/div>\n<h2>Contenido opcional<\/h2>\n<div>Este portal est\u00e1 dise\u00f1ado para poder cambiar el tama\u00f1o del texto y el color, as\u00ed como el fondo de la p\u00e1gina mediante las opciones de configuraci\u00f3n est\u00e1ndar de los navegadores.<\/div>\n<div>Si desea cambiar el tama\u00f1o de letra del texto en los principales navegadores gr\u00e1ficos utilice los siguientes men\u00fas:<\/div>\n<ul>\n<li>Internet Explorer, Mozilla y Firefox: Ver &gt; Tama\u00f1o del texto<\/li>\n<li>Opera: Ver &gt; Zoom<\/li>\n<li>Safari: Ver &gt; Hacer el texto m\u00e1s grande<\/li>\n<li>Chrome: Controla la p\u00e1gina actual &gt; Tama\u00f1o del texto<\/li>\n<li>Para modificar el tama\u00f1o de todo en la p\u00e1gina:\n<ul>\n<li>Ctrl + + para aumentarlo<\/li>\n<li>Ctrl + \u2013 para disminuirlo<\/li>\n<li>Ctrl + 0 restaura el tama\u00f1o original del texto<\/li>\n<\/ul>\n<\/li>\n<\/ul>\n<div>Si lo que quiere es anular la hoja de estilos o modificar el color del texto, puede consultar la p\u00e1gina How to Change Text Size or Colors de la WAI, que se puede leer traducida al espa\u00f1ol en \u00bfC\u00f3mo cambiar el tama\u00f1o del texto o colores?<\/div>\n","protected":false},"excerpt":{"rendered":"<p>Documento de accesibilidad VILAR NAVAL ARCHITECTS S.L.U. se ha comprometido a hacer accesible su sitio web, de conformidad con Real Decreto 1112\/2018, de 7 de septiembre, sobre accesibilidad de los sitios web y aplicaciones para dispositivos m\u00f3viles del sector p\u00fablico. La presente declaraci\u00f3n de accesibilidad se aplica al sitio web https:\/\/vilarmarine.com\/ Situaci\u00f3n de cumplimiento Este&#8230;<\/p>\n","protected":false},"author":3,"featured_media":0,"parent":0,"menu_order":0,"comment_status":"closed","ping_status":"closed","template":"","meta":{"_joinchat":[],"footnotes":""},"yoast_head":"<!-- This site is optimized with the Yoast SEO plugin v22.8 - https:\/\/yoast.com\/wordpress\/plugins\/seo\/ -->\n<title>Accesibilidad - VILAR MARINE<\/title>\n<meta name=\"robots\" content=\"index, follow, max-snippet:-1, max-image-preview:large, max-video-preview:-1\" \/>\n<link rel=\"canonical\" href=\"https:\/\/vilarmarine.com\/es\/accesibilidad\/\" \/>\n<meta property=\"og:locale\" content=\"es_ES\" \/>\n<meta property=\"og:type\" content=\"article\" \/>\n<meta property=\"og:title\" content=\"Accesibilidad - VILAR MARINE\" \/>\n<meta property=\"og:description\" content=\"Documento de accesibilidad VILAR NAVAL ARCHITECTS S.L.U. se ha comprometido a hacer accesible su sitio web, de conformidad con Real Decreto 1112\/2018, de 7 de septiembre, sobre accesibilidad de los sitios web y aplicaciones para dispositivos m\u00f3viles del sector p\u00fablico. La presente declaraci\u00f3n de accesibilidad se aplica al sitio web https:\/\/vilarmarine.com\/ Situaci\u00f3n de cumplimiento Este...\" \/>\n<meta property=\"og:url\" content=\"https:\/\/vilarmarine.com\/es\/accesibilidad\/\" \/>\n<meta property=\"og:site_name\" content=\"VILAR MARINE\" \/>\n<meta name=\"twitter:card\" content=\"summary_large_image\" \/>\n<meta name=\"twitter:label1\" content=\"Tiempo de lectura\" \/>\n\t<meta name=\"twitter:data1\" content=\"3 minutos\" \/>\n<script type=\"application\/ld+json\" class=\"yoast-schema-graph\">{\"@context\":\"https:\/\/schema.org\",\"@graph\":[{\"@type\":\"WebPage\",\"@id\":\"https:\/\/vilarmarine.com\/es\/accesibilidad\/\",\"url\":\"https:\/\/vilarmarine.com\/es\/accesibilidad\/\",\"name\":\"Accesibilidad - VILAR MARINE\",\"isPartOf\":{\"@id\":\"https:\/\/vilarmarine.com\/es\/#website\"},\"datePublished\":\"2023-10-05T12:19:39+00:00\",\"dateModified\":\"2023-10-05T12:19:39+00:00\",\"breadcrumb\":{\"@id\":\"https:\/\/vilarmarine.com\/es\/accesibilidad\/#breadcrumb\"},\"inLanguage\":\"es\",\"potentialAction\":[{\"@type\":\"ReadAction\",\"target\":[\"https:\/\/vilarmarine.com\/es\/accesibilidad\/\"]}]},{\"@type\":\"BreadcrumbList\",\"@id\":\"https:\/\/vilarmarine.com\/es\/accesibilidad\/#breadcrumb\",\"itemListElement\":[{\"@type\":\"ListItem\",\"position\":1,\"name\":\"Portada\",\"item\":\"https:\/\/vilarmarine.com\/es\/\"},{\"@type\":\"ListItem\",\"position\":2,\"name\":\"Accesibilidad\"}]},{\"@type\":\"WebSite\",\"@id\":\"https:\/\/vilarmarine.com\/es\/#website\",\"url\":\"https:\/\/vilarmarine.com\/es\/\",\"name\":\"VILAR MARINE\",\"description\":\"\",\"publisher\":{\"@id\":\"https:\/\/vilarmarine.com\/es\/#organization\"},\"potentialAction\":[{\"@type\":\"SearchAction\",\"target\":{\"@type\":\"EntryPoint\",\"urlTemplate\":\"https:\/\/vilarmarine.com\/es\/?s={search_term_string}\"},\"query-input\":\"required name=search_term_string\"}],\"inLanguage\":\"es\"},{\"@type\":\"Organization\",\"@id\":\"https:\/\/vilarmarine.com\/es\/#organization\",\"name\":\"VILAR MARINE\",\"url\":\"https:\/\/vilarmarine.com\/es\/\",\"logo\":{\"@type\":\"ImageObject\",\"inLanguage\":\"es\",\"@id\":\"https:\/\/vilarmarine.com\/es\/#\/schema\/logo\/image\/\",\"url\":\"\",\"contentUrl\":\"\",\"caption\":\"VILAR MARINE\"},\"image\":{\"@id\":\"https:\/\/vilarmarine.com\/es\/#\/schema\/logo\/image\/\"}}]}<\/script>\n<!-- \/ Yoast SEO plugin. -->","yoast_head_json":{"title":"Accesibilidad - VILAR MARINE","robots":{"index":"index","follow":"follow","max-snippet":"max-snippet:-1","max-image-preview":"max-image-preview:large","max-video-preview":"max-video-preview:-1"},"canonical":"https:\/\/vilarmarine.com\/es\/accesibilidad\/","og_locale":"es_ES","og_type":"article","og_title":"Accesibilidad - VILAR MARINE","og_description":"Documento de accesibilidad VILAR NAVAL ARCHITECTS S.L.U. se ha comprometido a hacer accesible su sitio web, de conformidad con Real Decreto 1112\/2018, de 7 de septiembre, sobre accesibilidad de los sitios web y aplicaciones para dispositivos m\u00f3viles del sector p\u00fablico. La presente declaraci\u00f3n de accesibilidad se aplica al sitio web https:\/\/vilarmarine.com\/ Situaci\u00f3n de cumplimiento Este...","og_url":"https:\/\/vilarmarine.com\/es\/accesibilidad\/","og_site_name":"VILAR MARINE","twitter_card":"summary_large_image","twitter_misc":{"Tiempo de lectura":"3 minutos"},"schema":{"@context":"https:\/\/schema.org","@graph":[{"@type":"WebPage","@id":"https:\/\/vilarmarine.com\/es\/accesibilidad\/","url":"https:\/\/vilarmarine.com\/es\/accesibilidad\/","name":"Accesibilidad - VILAR MARINE","isPartOf":{"@id":"https:\/\/vilarmarine.com\/es\/#website"},"datePublished":"2023-10-05T12:19:39+00:00","dateModified":"2023-10-05T12:19:39+00:00","breadcrumb":{"@id":"https:\/\/vilarmarine.com\/es\/accesibilidad\/#breadcrumb"},"inLanguage":"es","potentialAction":[{"@type":"ReadAction","target":["https:\/\/vilarmarine.com\/es\/accesibilidad\/"]}]},{"@type":"BreadcrumbList","@id":"https:\/\/vilarmarine.com\/es\/accesibilidad\/#breadcrumb","itemListElement":[{"@type":"ListItem","position":1,"name":"Portada","item":"https:\/\/vilarmarine.com\/es\/"},{"@type":"ListItem","position":2,"name":"Accesibilidad"}]},{"@type":"WebSite","@id":"https:\/\/vilarmarine.com\/es\/#website","url":"https:\/\/vilarmarine.com\/es\/","name":"VILAR MARINE","description":"","publisher":{"@id":"https:\/\/vilarmarine.com\/es\/#organization"},"potentialAction":[{"@type":"SearchAction","target":{"@type":"EntryPoint","urlTemplate":"https:\/\/vilarmarine.com\/es\/?s={search_term_string}"},"query-input":"required name=search_term_string"}],"inLanguage":"es"},{"@type":"Organization","@id":"https:\/\/vilarmarine.com\/es\/#organization","name":"VILAR MARINE","url":"https:\/\/vilarmarine.com\/es\/","logo":{"@type":"ImageObject","inLanguage":"es","@id":"https:\/\/vilarmarine.com\/es\/#\/schema\/logo\/image\/","url":"","contentUrl":"","caption":"VILAR MARINE"},"image":{"@id":"https:\/\/vilarmarine.com\/es\/#\/schema\/logo\/image\/"}}]}},"_links":{"self":[{"href":"https:\/\/vilarmarine.com\/es\/wp-json\/wp\/v2\/pages\/8560"}],"collection":[{"href":"https:\/\/vilarmarine.com\/es\/wp-json\/wp\/v2\/pages"}],"about":[{"href":"https:\/\/vilarmarine.com\/es\/wp-json\/wp\/v2\/types\/page"}],"author":[{"embeddable":true,"href":"https:\/\/vilarmarine.com\/es\/wp-json\/wp\/v2\/users\/3"}],"replies":[{"embeddable":true,"href":"https:\/\/vilarmarine.com\/es\/wp-json\/wp\/v2\/comments?post=8560"}],"version-history":[{"count":1,"href":"https:\/\/vilarmarine.com\/es\/wp-json\/wp\/v2\/pages\/8560\/revisions"}],"predecessor-version":[{"id":8561,"href":"https:\/\/vilarmarine.com\/es\/wp-json\/wp\/v2\/pages\/8560\/revisions\/8561"}],"wp:attachment":[{"href":"https:\/\/vilarmarine.com\/es\/wp-json\/wp\/v2\/media?parent=8560"}],"curies":[{"name":"wp","href":"https:\/\/api.w.org\/{rel}","templated":true}]}}