{"id":8557,"date":"2023-10-05T12:13:53","date_gmt":"2023-10-05T12:13:53","guid":{"rendered":"https:\/\/vilarmarine.com\/?page_id=8557"},"modified":"2023-10-05T12:13:53","modified_gmt":"2023-10-05T12:13:53","slug":"aviso-legal","status":"publish","type":"page","link":"https:\/\/vilarmarine.com\/es\/aviso-legal\/","title":{"rendered":"Aviso legal"},"content":{"rendered":"<h2>Aviso Legal<\/h2>\n<p>Agradecemos su visita a nuestra p\u00e1gina WEB https:\/\/vilarmarine.com (en adelante \u00abWEB\u00bb). Nuestra mayor preocupaci\u00f3n es<br \/>\nasegurar la exactitud y trabajamos continuamente en la actualizaci\u00f3n de las informaciones difundidas en nuestra web,<br \/>\nreserv\u00e1ndonos en todo momento y sin previo aviso el derecho de corregir o modificar su contenido. En consecuencia,<br \/>\n<span style=\"text-transform: uppercase;\">vilarmarine.com <\/span> no responder\u00e1 en ning\u00fan caso de:<\/p>\n<ul>\n<li>Cualquier da\u00f1o resultante de una intrusi\u00f3n fraudulenta de un tercero que haya causado una modificaci\u00f3n en las<br \/>\ninformaciones puestas a disposici\u00f3n en la web.<\/li>\n<li>En general, de cualesquiera da\u00f1os directos o indirectos, cualquiera que sea la causa, origen, naturaleza o<br \/>\nconsecuencia, provocados:<\/p>\n<ul>\n<li>con ocasi\u00f3n del acceso por cualquier persona a la web<\/li>\n<li>derivados de la imposibilidad de acceso<\/li>\n<li>por la utilizaci\u00f3n de la web y\/o por la credibilidad otorgada a cualquier informaci\u00f3n proveniente<br \/>\ndirecta o indirectamente de la web<\/li>\n<li>por cualquier hecho calificado de fuerza mayor o caso fortuito<\/li>\n<\/ul>\n<\/li>\n<\/ul>\n<p>Las presentes condiciones de venta regulan \u00fanicamente las ventas de productos ofertados en la web. Toda persona que<br \/>\nvaya a realizar su pedido a trav\u00e9s de la WEB puede acceder a las presentes condiciones generales de venta.<\/p>\n<p>Por consiguiente, el hecho de hacer un pedido conlleva de pleno derecho la adhesi\u00f3n del comprador a las presentes<br \/>\ncondiciones de venta.<\/p>\n<h2>EDITOR DE LA WEB<\/h2>\n<p><span style=\"text-transform: uppercase;\">vilarmarine.com <\/span> direcci\u00f3n :Oficinas de construcci\u00f3n global, Mlle. Viejo, 1, 07012 Palma, Islas Baleares S.L. Sede social:VILAR NAVAL ARCHITECTS S.L.U.<br \/>\n<span style=\"text-transform: uppercase;\">CIF<\/span>: B09694332.<\/p>\n<h2>LEY DE PROTECCI\u00d3N DE DATOS<\/h2>\n<p>De conformidad con la Ley Org\u00e1nica de Protecci\u00f3n de Datos y su Reglamento de Desarrollo, le informamos de que los<br \/>\ndatos personales que nos facilite ser\u00e1n incorporados a un fichero responsabilidad de MI DOMINIO S.L., con domicilio en [direcci\u00f3n :Oficinas de construcci\u00f3n global, Mlle. Viejo, 1, 07012 Palma, Islas Baleares], autoriz\u00e1ndonos Ud. su tratamiento,<br \/>\nincluso v\u00eda telef\u00f3nica, SMS o correo electr\u00f3nico, con la finalidad de gestionar y mantener la relaci\u00f3n comercial con<br \/>\nusted, as\u00ed como mantenerle informado sobre otros productos y servicios propios o de terceros, pertenecientes a los<br \/>\nsectores del gran consumo, la belleza y la cosm\u00e9tica.<\/p>\n<p>Usted podr\u00e1 ejercer sus derechos de acceso, rectificaci\u00f3n, cancelaci\u00f3n y oposici\u00f3n a trav\u00e9s de correo ordinario,<br \/>\ndirigido al siguiente domicilio: [direcci\u00f3n :Oficinas de construcci\u00f3n global, Mlle. Viejo, 1, 07012 Palma, Islas Baleares S.L. Sede social:VILAR NAVAL ARCHITECTS S.L.U. ], adjuntando copia de su DNI o<br \/>\ndocumento equivalente, y concretando su solicitud, o bien mediante correo electr\u00f3nico a la direcci\u00f3n siguiente:<br \/>\nvilar@vilarmarine.com<\/p>\n<h2>PROPIEDAD INTELECTUAL E INDUSTRIAL<\/h2>\n<p>Seg\u00fan la legislaci\u00f3n vigente en materia de propiedad intelectual e industrial, la presente web y cualquier elemento,<br \/>\nmarca, dibujo, modelo, logo, gr\u00e1fico, etc. que se encuentran en dicha web son propiedad exclusiva de <span style=\"text-transform: uppercase;\">vilarmarine.com <\/span> o<br \/>\nde sus colaboradores, que no conceden ninguna otra licencia o derecho que la de consultar la WEB. La reproducci\u00f3n o<br \/>\nutilizaci\u00f3n del conjunto o de una parte de estos elementos autoriza \u00fanicamente a ser informado de manera personal y<br \/>\nprivada. Cualquier reproducci\u00f3n o utilizaci\u00f3n de copias realizadas con otros fines queda expresamente prohibida.<br \/>\nCualquier uso indebido constituye un fraude y podr\u00e1 ser perseguido de conformidad con la legislaci\u00f3n vigente, salvo<br \/>\nen los casos de autorizaci\u00f3n previa y por escrito por parte de <span style=\"text-transform: uppercase;\">vilarmarine.com <\/span>.<\/p>\n","protected":false},"excerpt":{"rendered":"<p>Aviso Legal Agradecemos su visita a nuestra p\u00e1gina WEB https:\/\/vilarmarine.com (en adelante \u00abWEB\u00bb). Nuestra mayor preocupaci\u00f3n es asegurar la exactitud y trabajamos continuamente en la actualizaci\u00f3n de las informaciones difundidas en nuestra web, reserv\u00e1ndonos en todo momento y sin previo aviso el derecho de corregir o modificar su contenido. En consecuencia, vilarmarine.com no responder\u00e1 en&#8230;<\/p>\n","protected":false},"author":3,"featured_media":0,"parent":0,"menu_order":0,"comment_status":"closed","ping_status":"closed","template":"","meta":{"_joinchat":[],"footnotes":""},"yoast_head":"<!-- This site is optimized with the Yoast SEO plugin v22.8 - https:\/\/yoast.com\/wordpress\/plugins\/seo\/ -->\n<title>Aviso legal - VILAR MARINE<\/title>\n<meta name=\"robots\" content=\"index, follow, max-snippet:-1, max-image-preview:large, max-video-preview:-1\" \/>\n<link rel=\"canonical\" href=\"https:\/\/vilarmarine.com\/es\/aviso-legal\/\" \/>\n<meta property=\"og:locale\" content=\"es_ES\" \/>\n<meta property=\"og:type\" content=\"article\" \/>\n<meta property=\"og:title\" content=\"Aviso legal - VILAR MARINE\" \/>\n<meta property=\"og:description\" content=\"Aviso Legal Agradecemos su visita a nuestra p\u00e1gina WEB https:\/\/vilarmarine.com (en adelante \u00abWEB\u00bb). Nuestra mayor preocupaci\u00f3n es asegurar la exactitud y trabajamos continuamente en la actualizaci\u00f3n de las informaciones difundidas en nuestra web, reserv\u00e1ndonos en todo momento y sin previo aviso el derecho de corregir o modificar su contenido. En consecuencia, vilarmarine.com no responder\u00e1 en...\" \/>\n<meta property=\"og:url\" content=\"https:\/\/vilarmarine.com\/es\/aviso-legal\/\" \/>\n<meta property=\"og:site_name\" content=\"VILAR MARINE\" \/>\n<meta name=\"twitter:card\" content=\"summary_large_image\" \/>\n<meta name=\"twitter:label1\" content=\"Tiempo de lectura\" \/>\n\t<meta name=\"twitter:data1\" content=\"3 minutos\" \/>\n<script type=\"application\/ld+json\" class=\"yoast-schema-graph\">{\"@context\":\"https:\/\/schema.org\",\"@graph\":[{\"@type\":\"WebPage\",\"@id\":\"https:\/\/vilarmarine.com\/es\/aviso-legal\/\",\"url\":\"https:\/\/vilarmarine.com\/es\/aviso-legal\/\",\"name\":\"Aviso legal - VILAR MARINE\",\"isPartOf\":{\"@id\":\"https:\/\/vilarmarine.com\/es\/#website\"},\"datePublished\":\"2023-10-05T12:13:53+00:00\",\"dateModified\":\"2023-10-05T12:13:53+00:00\",\"breadcrumb\":{\"@id\":\"https:\/\/vilarmarine.com\/es\/aviso-legal\/#breadcrumb\"},\"inLanguage\":\"es\",\"potentialAction\":[{\"@type\":\"ReadAction\",\"target\":[\"https:\/\/vilarmarine.com\/es\/aviso-legal\/\"]}]},{\"@type\":\"BreadcrumbList\",\"@id\":\"https:\/\/vilarmarine.com\/es\/aviso-legal\/#breadcrumb\",\"itemListElement\":[{\"@type\":\"ListItem\",\"position\":1,\"name\":\"Portada\",\"item\":\"https:\/\/vilarmarine.com\/es\/\"},{\"@type\":\"ListItem\",\"position\":2,\"name\":\"Aviso legal\"}]},{\"@type\":\"WebSite\",\"@id\":\"https:\/\/vilarmarine.com\/es\/#website\",\"url\":\"https:\/\/vilarmarine.com\/es\/\",\"name\":\"VILAR MARINE\",\"description\":\"\",\"publisher\":{\"@id\":\"https:\/\/vilarmarine.com\/es\/#organization\"},\"potentialAction\":[{\"@type\":\"SearchAction\",\"target\":{\"@type\":\"EntryPoint\",\"urlTemplate\":\"https:\/\/vilarmarine.com\/es\/?s={search_term_string}\"},\"query-input\":\"required name=search_term_string\"}],\"inLanguage\":\"es\"},{\"@type\":\"Organization\",\"@id\":\"https:\/\/vilarmarine.com\/es\/#organization\",\"name\":\"VILAR MARINE\",\"url\":\"https:\/\/vilarmarine.com\/es\/\",\"logo\":{\"@type\":\"ImageObject\",\"inLanguage\":\"es\",\"@id\":\"https:\/\/vilarmarine.com\/es\/#\/schema\/logo\/image\/\",\"url\":\"\",\"contentUrl\":\"\",\"caption\":\"VILAR MARINE\"},\"image\":{\"@id\":\"https:\/\/vilarmarine.com\/es\/#\/schema\/logo\/image\/\"}}]}<\/script>\n<!-- \/ Yoast SEO plugin. -->","yoast_head_json":{"title":"Aviso legal - VILAR MARINE","robots":{"index":"index","follow":"follow","max-snippet":"max-snippet:-1","max-image-preview":"max-image-preview:large","max-video-preview":"max-video-preview:-1"},"canonical":"https:\/\/vilarmarine.com\/es\/aviso-legal\/","og_locale":"es_ES","og_type":"article","og_title":"Aviso legal - VILAR MARINE","og_description":"Aviso Legal Agradecemos su visita a nuestra p\u00e1gina WEB https:\/\/vilarmarine.com (en adelante \u00abWEB\u00bb). Nuestra mayor preocupaci\u00f3n es asegurar la exactitud y trabajamos continuamente en la actualizaci\u00f3n de las informaciones difundidas en nuestra web, reserv\u00e1ndonos en todo momento y sin previo aviso el derecho de corregir o modificar su contenido. En consecuencia, vilarmarine.com no responder\u00e1 en...","og_url":"https:\/\/vilarmarine.com\/es\/aviso-legal\/","og_site_name":"VILAR MARINE","twitter_card":"summary_large_image","twitter_misc":{"Tiempo de lectura":"3 minutos"},"schema":{"@context":"https:\/\/schema.org","@graph":[{"@type":"WebPage","@id":"https:\/\/vilarmarine.com\/es\/aviso-legal\/","url":"https:\/\/vilarmarine.com\/es\/aviso-legal\/","name":"Aviso legal - VILAR MARINE","isPartOf":{"@id":"https:\/\/vilarmarine.com\/es\/#website"},"datePublished":"2023-10-05T12:13:53+00:00","dateModified":"2023-10-05T12:13:53+00:00","breadcrumb":{"@id":"https:\/\/vilarmarine.com\/es\/aviso-legal\/#breadcrumb"},"inLanguage":"es","potentialAction":[{"@type":"ReadAction","target":["https:\/\/vilarmarine.com\/es\/aviso-legal\/"]}]},{"@type":"BreadcrumbList","@id":"https:\/\/vilarmarine.com\/es\/aviso-legal\/#breadcrumb","itemListElement":[{"@type":"ListItem","position":1,"name":"Portada","item":"https:\/\/vilarmarine.com\/es\/"},{"@type":"ListItem","position":2,"name":"Aviso legal"}]},{"@type":"WebSite","@id":"https:\/\/vilarmarine.com\/es\/#website","url":"https:\/\/vilarmarine.com\/es\/","name":"VILAR MARINE","description":"","publisher":{"@id":"https:\/\/vilarmarine.com\/es\/#organization"},"potentialAction":[{"@type":"SearchAction","target":{"@type":"EntryPoint","urlTemplate":"https:\/\/vilarmarine.com\/es\/?s={search_term_string}"},"query-input":"required name=search_term_string"}],"inLanguage":"es"},{"@type":"Organization","@id":"https:\/\/vilarmarine.com\/es\/#organization","name":"VILAR MARINE","url":"https:\/\/vilarmarine.com\/es\/","logo":{"@type":"ImageObject","inLanguage":"es","@id":"https:\/\/vilarmarine.com\/es\/#\/schema\/logo\/image\/","url":"","contentUrl":"","caption":"VILAR MARINE"},"image":{"@id":"https:\/\/vilarmarine.com\/es\/#\/schema\/logo\/image\/"}}]}},"_links":{"self":[{"href":"https:\/\/vilarmarine.com\/es\/wp-json\/wp\/v2\/pages\/8557"}],"collection":[{"href":"https:\/\/vilarmarine.com\/es\/wp-json\/wp\/v2\/pages"}],"about":[{"href":"https:\/\/vilarmarine.com\/es\/wp-json\/wp\/v2\/types\/page"}],"author":[{"embeddable":true,"href":"https:\/\/vilarmarine.com\/es\/wp-json\/wp\/v2\/users\/3"}],"replies":[{"embeddable":true,"href":"https:\/\/vilarmarine.com\/es\/wp-json\/wp\/v2\/comments?post=8557"}],"version-history":[{"count":1,"href":"https:\/\/vilarmarine.com\/es\/wp-json\/wp\/v2\/pages\/8557\/revisions"}],"predecessor-version":[{"id":8558,"href":"https:\/\/vilarmarine.com\/es\/wp-json\/wp\/v2\/pages\/8557\/revisions\/8558"}],"wp:attachment":[{"href":"https:\/\/vilarmarine.com\/es\/wp-json\/wp\/v2\/media?parent=8557"}],"curies":[{"name":"wp","href":"https:\/\/api.w.org\/{rel}","templated":true}]}}