{"id":8524,"date":"2023-08-11T11:20:48","date_gmt":"2023-08-11T11:20:48","guid":{"rendered":"https:\/\/vilarmarine.com\/?page_id=8524"},"modified":"2023-11-15T07:15:11","modified_gmt":"2023-11-15T07:15:11","slug":"gestoria-nautica","status":"publish","type":"page","link":"https:\/\/vilarmarine.com\/es\/gestoria-nautica\/","title":{"rendered":"Gestor\u00eda  N\u00e1utica"},"content":{"rendered":"<section class=\"l-section wpb_row height_custom with_img\" id=\"s3\"><div class=\"l-section-img\" role=\"img\" data-img-width=\"1902\" data-img-height=\"1200\" style=\"background-image: url(https:\/\/vilarmarine.com\/wp-content\/uploads\/2022\/07\/bg001.jpg);\"><\/div><div class=\"l-section-h i-cf\"><div class=\"g-cols vc_row via_flex valign_top type_default stacking_default\" style=\"--additional-gap:10px;\"><div class=\"vc_col-sm-6 wpb_column vc_column_container\"><div class=\"vc_column-inner us_custom_60e9caca us_animate_this type_sticky\"><div class=\"wpb_wrapper\"><div class=\"w-image style_shadow-2 align_none\"><div class=\"w-image-h\"><div class=\"w-image-shadow\" style=\"background-image:url(https:\/\/vilarmarine.com\/wp-content\/uploads\/2022\/08\/fleetman02-1024x573.jpeg);\"><\/div><img decoding=\"async\" width=\"1024\" height=\"573\" src=\"https:\/\/vilarmarine.com\/wp-content\/uploads\/2022\/08\/fleetman02-1024x573.jpeg\" class=\"attachment-large size-large\" alt=\"\" loading=\"lazy\" srcset=\"https:\/\/vilarmarine.com\/wp-content\/uploads\/2022\/08\/fleetman02-1024x573.jpeg 1024w, https:\/\/vilarmarine.com\/wp-content\/uploads\/2022\/08\/fleetman02-300x168.jpeg 300w, https:\/\/vilarmarine.com\/wp-content\/uploads\/2022\/08\/fleetman02-1536x860.jpeg 1536w, https:\/\/vilarmarine.com\/wp-content\/uploads\/2022\/08\/fleetman02-200x112.jpeg 200w, https:\/\/vilarmarine.com\/wp-content\/uploads\/2022\/08\/fleetman02-150x84.jpeg 150w, https:\/\/vilarmarine.com\/wp-content\/uploads\/2022\/08\/fleetman02.jpeg 1920w\" sizes=\"(max-width: 1024px) 100vw, 1024px\" \/><\/div><\/div><\/div><\/div><\/div><div class=\"vc_col-sm-6 wpb_column vc_column_container\"><div class=\"vc_column-inner us_custom_5a44fc97 us_animate_this\"><div class=\"wpb_wrapper\"><h1 class=\"w-text us_custom_caf6ea43 has_text_color\"><span class=\"w-text-h\"><span class=\"w-text-value\">Gestor\u00eda N\u00e1utica<\/span><\/span><\/h1><div class=\"wpb_text_column us_custom_4ad4a63a\"><div class=\"wpb_wrapper\"><p>\u00bfPreocupado por el mantenimiento y operaci\u00f3n de tu flota? VM desarrolla planes de mantenimiento con el claro objetivo de reducir los costes del Armador:<\/p>\n<ul>\n<li>\n<h2 style=\"font-size: 14px;\">Gesti\u00f3n de relaciones institucionales con inspecci\u00f3n, bandera y registro.<\/h2>\n<\/li>\n<li>\n<h2 style=\"font-size: 14px;\">Implementaci\u00f3n de planes de mantenimiento enfocados a la reducci\u00f3n de costes operativos.<\/h2>\n<\/li>\n<li>\n<h2 style=\"font-size: 14px;\">Gesti\u00f3n de documentaci\u00f3n de buques y tripulaciones.<\/h2>\n<\/li>\n<li>\n<h2 style=\"font-size: 14px;\">Apoyo a la operativa, superintendencia.<\/h2>\n<\/li>\n<li class=\"feed-note__message_paragraph\">\n<h2 style=\"font-size: 14px;\">Obtenci\u00f3n y renovaci\u00f3n despachos temporales<\/h2>\n<\/li>\n<li class=\"feed-note__message_paragraph\">\n<h2 style=\"font-size: 14px;\">Tramitaci\u00f3n despachos ordinarios<\/h2>\n<\/li>\n<li class=\"feed-note__message_paragraph\">\n<h2 style=\"font-size: 14px;\">Matriculaci\u00f3n e inscripci\u00f3n de embarcaciones<\/h2>\n<\/li>\n<li class=\"feed-note__message_paragraph\">\n<h2 style=\"font-size: 14px;\">Abanderamientos \/ Nacional e Internacional<\/h2>\n<\/li>\n<li class=\"feed-note__message_paragraph\">\n<h2 style=\"font-size: 14px;\">Matr\u00edculas en listas 6\u00aa, 7\u00aa<\/h2>\n<\/li>\n<li class=\"feed-note__message_paragraph\">\n<h2 style=\"font-size: 14px;\">Matr\u00edculas motos de agua.<\/h2>\n<\/li>\n<li class=\"feed-note__message_paragraph\">\n<h2 style=\"font-size: 14px;\">Cambios de propiedad.<\/h2>\n<\/li>\n<li class=\"feed-note__message_paragraph\">\n<h2 style=\"font-size: 14px;\"><a href=\"https:\/\/vilarmarine.com\/es\/gestoria-nautica\/cambio-nombre-embarcacion\/\">Cambios de nombre embarcaci\u00f3n.<\/a><\/h2>\n<\/li>\n<li class=\"feed-note__message_paragraph\">\n<h2 style=\"font-size: 14px;\">Cambios de lista.<\/h2>\n<\/li>\n<li class=\"feed-note__message_paragraph\">\n<h2 style=\"font-size: 14px;\">Cambios de zona de navegaci\u00f3n.<\/h2>\n<\/li>\n<li class=\"feed-note__message_paragraph\">\n<h2 style=\"font-size: 14px;\">Solicitud de duplicados documentaci\u00f3n por p\u00e9rdida.<\/h2>\n<\/li>\n<li class=\"feed-note__message_paragraph\">\n<h2 style=\"font-size: 14px;\">Licencias de estaci\u00f3n de radio. (LEB)<\/h2>\n<\/li>\n<li class=\"feed-note__message_paragraph\">\n<h2 style=\"font-size: 14px;\"><a href=\"https:\/\/vilarmarine.com\/es\/gestoria-nautica\/solicitud-mmsi\/\">Solicitud MMSI<\/a> nacional e internacional<\/h2>\n<\/li>\n<li class=\"feed-note__message_paragraph\">\n<h2 style=\"font-size: 14px;\">Renovaci\u00f3n certificados de navegabilidad.<\/h2>\n<\/li>\n<li class=\"feed-note__message_paragraph\">\n<h2 style=\"font-size: 14px;\"><a href=\"https:\/\/vilarmarine.com\/es\/gestoria-nautica\/renovacion-permiso-de-navegacion\/\">Renovaci\u00f3n permiso navegaci\u00f3n.<\/a><\/h2>\n<\/li>\n<li class=\"feed-note__message_paragraph\">\n<h2 style=\"font-size: 14px;\">Despachos de rol.<\/h2>\n<\/li>\n<li class=\"feed-note__message_paragraph\">\n<h2 style=\"font-size: 14px;\">Bajas de bandera por exportaci\u00f3n o por desguace.<\/h2>\n<\/li>\n<li class=\"feed-note__message_paragraph\">\n<h2 style=\"font-size: 14px;\">Renovaci\u00f3n t\u00edtulos n\u00e1uticos de recreo expedidos por la DGMM o por las Comunidades Autonomas<\/h2>\n<\/li>\n<\/ul>\n<\/div><\/div><\/div><\/div><\/div><\/div><\/div><\/section><section class=\"l-section wpb_row height_huge color_secondary with_img parallax_fixed\"><div class=\"l-section-img\" role=\"img\" data-img-width=\"1620\" data-img-height=\"1080\" style=\"background-image: url(https:\/\/vilarmarine.com\/wp-content\/uploads\/2022\/07\/ehrtyy5.jpg);\"><\/div><div class=\"l-section-overlay\" style=\"background:rgba(26,26,26,0.67)\"><\/div><div class=\"l-section-h i-cf\"><div class=\"g-cols vc_row via_flex valign_top type_default stacking_default\" style=\"--additional-gap:10px;\"><div class=\"vc_col-sm-12 wpb_column vc_column_container\"><div class=\"vc_column-inner\"><div class=\"wpb_wrapper\"><div class=\"w-text us_custom_b4157174 has_text_color\"><span class=\"w-text-h\"><span class=\"w-text-value\">Nuestros puntos fuertes<\/span><\/span><\/div><div class=\"wpb_text_column us_custom_de857b7f\"><div class=\"wpb_wrapper\"><\/div><\/div><div class=\"w-separator size_small\"><\/div><\/div><\/div><\/div><div class=\"vc_col-sm-6 wpb_column vc_column_container\"><div class=\"vc_column-inner us_custom_60e9caca us_animate_this\"><div class=\"wpb_wrapper\"><div class=\"w-text us_custom_1a2a4316 has_text_color\"><span class=\"w-text-h\"><span class=\"w-text-value\">01<\/span><\/span><\/div><div class=\"wpb_text_column us_custom_fe886e40\"><div class=\"wpb_wrapper\"><h3>Profesionalidad<\/h3>\n<\/div><\/div><div class=\"wpb_text_column us_custom_fe886e40\"><div class=\"wpb_wrapper\"><\/div><\/div><div class=\"w-separator size_small\"><\/div><\/div><\/div><\/div><div class=\"vc_col-sm-6 wpb_column vc_column_container\"><div class=\"vc_column-inner us_custom_f70d789f us_animate_this\"><div class=\"wpb_wrapper\"><div class=\"w-text us_custom_1a2a4316 has_text_color\"><span class=\"w-text-h\"><span class=\"w-text-value\">02<\/span><\/span><\/div><div class=\"wpb_text_column\"><div class=\"wpb_wrapper\"><div class=\"wpb_text_column\">\n<div class=\"wpb_wrapper\">\n<h3>Garant\u00eda<\/h3>\n<\/div>\n<\/div>\n<\/div><\/div><div class=\"wpb_text_column us_custom_fe886e40\"><div class=\"wpb_wrapper\"><\/div><\/div><div class=\"w-separator size_small\"><\/div><\/div><\/div><\/div><div class=\"vc_col-sm-6 wpb_column vc_column_container\"><div class=\"vc_column-inner us_custom_1fb8b2dc us_animate_this\"><div class=\"wpb_wrapper\"><div class=\"w-text us_custom_1a2a4316 has_text_color\"><span class=\"w-text-h\"><span class=\"w-text-value\">03<\/span><\/span><\/div><div class=\"wpb_text_column\"><div class=\"wpb_wrapper\"><h3>Rapidez de respuesta<\/h3>\n<\/div><\/div><div class=\"wpb_text_column us_custom_fe886e40\"><div class=\"wpb_wrapper\"><\/div><\/div><div class=\"w-separator size_small\"><\/div><\/div><\/div><\/div><div class=\"vc_col-sm-6 wpb_column vc_column_container\"><div class=\"vc_column-inner us_custom_15a2201b us_animate_this\"><div class=\"wpb_wrapper\"><div class=\"w-text us_custom_1a2a4316 has_text_color\"><span class=\"w-text-h\"><span class=\"w-text-value\">04<\/span><\/span><\/div><div class=\"wpb_text_column\"><div class=\"wpb_wrapper\"><h3>Excelencia<\/h3>\n<\/div><\/div><div class=\"wpb_text_column us_custom_fe886e40\"><div class=\"wpb_wrapper\"><\/div><\/div><div class=\"w-separator size_small\"><\/div><\/div><\/div><\/div><div class=\"vc_col-sm-6 vc_hidden-lg vc_hidden-md vc_hidden-sm vc_hidden-xs wpb_column vc_column_container\"><div class=\"vc_column-inner us_custom_de366d1c us_animate_this\"><div class=\"wpb_wrapper\"><div class=\"w-text us_custom_10a545cb has_text_color\"><span class=\"w-text-h\"><span class=\"w-text-value\">05<\/span><\/span><\/div><div class=\"wpb_text_column\"><div class=\"wpb_wrapper\"><h3><strong>Extra<\/strong><\/h3>\n<\/div><\/div><div class=\"wpb_text_column us_custom_fe886e40\"><div class=\"wpb_wrapper\"><p>Lorem ipsum dolor sit amet, consectetur adipiscing elit. Integer sagittis urna sit amet arcu dignissim tempus. Nunc lorem sapien, viverra nec luctus ac, ultrices eu arcu.<\/p>\n<\/div><\/div><div class=\"w-separator size_small\"><\/div><\/div><\/div><\/div><div class=\"vc_col-sm-6 vc_hidden-lg vc_hidden-md vc_hidden-sm vc_hidden-xs wpb_column vc_column_container\"><div class=\"vc_column-inner us_custom_15a2201b us_animate_this\"><div class=\"wpb_wrapper\"><div class=\"w-text us_custom_10a545cb has_text_color\"><span class=\"w-text-h\"><span class=\"w-text-value\">06<\/span><\/span><\/div><div class=\"wpb_text_column\"><div class=\"wpb_wrapper\"><h3><strong>Extra<\/strong><\/h3>\n<\/div><\/div><div class=\"wpb_text_column us_custom_fe886e40\"><div class=\"wpb_wrapper\"><p>Lorem ipsum dolor sit amet, consectetur adipiscing elit. Integer sagittis urna sit amet arcu dignissim tempus. Nunc lorem sapien, viverra nec luctus ac, ultrices eu arcu.<\/p>\n<\/div><\/div><\/div><\/div><\/div><\/div><\/div><\/section><section class=\"l-section wpb_row height_small\" id=\"contact\"><div class=\"l-section-overlay\" style=\"background:#054e80\"><\/div><div class=\"l-section-h i-cf\"><div class=\"g-cols vc_row via_flex valign_top type_default stacking_default\" style=\"--additional-gap:10px;\"><div class=\"vc_col-sm-12 wpb_column vc_column_container\"><div class=\"vc_column-inner us_custom_60e9caca us_animate_this\"><div class=\"wpb_wrapper\"><p class=\"w-text us_custom_b8878d37 has_text_color\"><span class=\"w-text-h\"><span class=\"w-text-value\">Cont\u00e1ctenos. Solicite informaci\u00f3n sin compromiso.<\/span><\/span><\/p><div class=\"w-btn-wrapper align_center\"><a class=\"w-btn us-btn-style_1 us_custom_7b84a47e\" href=\"https:\/\/vilarmarine.com\/es\/contacto\/\"><span class=\"w-btn-label\">CONTACTO<\/span><\/a><\/div><\/div><\/div><\/div><\/div><\/div><\/section>\n","protected":false},"excerpt":{"rendered":"Gestor\u00eda N\u00e1utica\u00bfPreocupado por el mantenimiento y operaci\u00f3n de tu flota? VM desarrolla planes de mantenimiento con el claro objetivo de reducir los costes del Armador: Gesti\u00f3n de relaciones institucionales con inspecci\u00f3n, bandera y registro. Implementaci\u00f3n de planes de mantenimiento enfocados a la reducci\u00f3n de costes operativos. Gesti\u00f3n de documentaci\u00f3n de buques y tripulaciones. Apoyo a...","protected":false},"author":3,"featured_media":8417,"parent":0,"menu_order":0,"comment_status":"closed","ping_status":"closed","template":"","meta":{"_joinchat":[],"footnotes":""},"yoast_head":"<!-- This site is optimized with the Yoast SEO plugin v22.8 - https:\/\/yoast.com\/wordpress\/plugins\/seo\/ -->\n<title>Gestor\u00eda N\u00e1utica del siglo XXI | Vilarmarine.com<\/title>\n<meta name=\"description\" content=\"Todos los tramites relacionados con las embarcaciones y el mar, de la mano de la gestor\u00eda n\u00e1utica de siglo XXI. Profesionales a su servicio.\" \/>\n<meta name=\"robots\" content=\"index, follow, max-snippet:-1, max-image-preview:large, max-video-preview:-1\" \/>\n<link rel=\"canonical\" href=\"https:\/\/vilarmarine.com\/es\/gestoria-nautica\/\" \/>\n<meta property=\"og:locale\" content=\"es_ES\" \/>\n<meta property=\"og:type\" content=\"article\" \/>\n<meta property=\"og:title\" content=\"Gestor\u00eda N\u00e1utica del siglo XXI | Vilarmarine.com\" \/>\n<meta property=\"og:description\" content=\"Todos los tramites relacionados con las embarcaciones y el mar, de la mano de la gestor\u00eda n\u00e1utica de siglo XXI. Profesionales a su servicio.\" \/>\n<meta property=\"og:url\" content=\"https:\/\/vilarmarine.com\/es\/gestoria-nautica\/\" \/>\n<meta property=\"og:site_name\" content=\"VILAR MARINE\" \/>\n<meta property=\"article:modified_time\" content=\"2023-11-15T07:15:11+00:00\" \/>\n<meta property=\"og:image\" content=\"https:\/\/vilarmarine.com\/wp-content\/uploads\/2022\/08\/image_b443a1f6-3ccc-4686-ba22-b8bb3e6d23c420220813_223511.jpg\" \/>\n\t<meta property=\"og:image:width\" content=\"976\" \/>\n\t<meta property=\"og:image:height\" content=\"1301\" \/>\n\t<meta property=\"og:image:type\" content=\"image\/jpeg\" \/>\n<meta name=\"twitter:card\" content=\"summary_large_image\" \/>\n<meta name=\"twitter:label1\" content=\"Tiempo de lectura\" \/>\n\t<meta name=\"twitter:data1\" content=\"3 minutos\" \/>\n<script type=\"application\/ld+json\" class=\"yoast-schema-graph\">{\"@context\":\"https:\/\/schema.org\",\"@graph\":[{\"@type\":\"WebPage\",\"@id\":\"https:\/\/vilarmarine.com\/es\/gestoria-nautica\/\",\"url\":\"https:\/\/vilarmarine.com\/es\/gestoria-nautica\/\",\"name\":\"Gestor\u00eda N\u00e1utica del siglo XXI | Vilarmarine.com\",\"isPartOf\":{\"@id\":\"https:\/\/vilarmarine.com\/es\/#website\"},\"primaryImageOfPage\":{\"@id\":\"https:\/\/vilarmarine.com\/es\/gestoria-nautica\/#primaryimage\"},\"image\":{\"@id\":\"https:\/\/vilarmarine.com\/es\/gestoria-nautica\/#primaryimage\"},\"thumbnailUrl\":\"https:\/\/vilarmarine.com\/wp-content\/uploads\/2022\/08\/image_b443a1f6-3ccc-4686-ba22-b8bb3e6d23c420220813_223511.jpg\",\"datePublished\":\"2023-08-11T11:20:48+00:00\",\"dateModified\":\"2023-11-15T07:15:11+00:00\",\"description\":\"Todos los tramites relacionados con las embarcaciones y el mar, de la mano de la gestor\u00eda n\u00e1utica de siglo XXI. Profesionales a su servicio.\",\"breadcrumb\":{\"@id\":\"https:\/\/vilarmarine.com\/es\/gestoria-nautica\/#breadcrumb\"},\"inLanguage\":\"es\",\"potentialAction\":[{\"@type\":\"ReadAction\",\"target\":[\"https:\/\/vilarmarine.com\/es\/gestoria-nautica\/\"]}]},{\"@type\":\"ImageObject\",\"inLanguage\":\"es\",\"@id\":\"https:\/\/vilarmarine.com\/es\/gestoria-nautica\/#primaryimage\",\"url\":\"https:\/\/vilarmarine.com\/wp-content\/uploads\/2022\/08\/image_b443a1f6-3ccc-4686-ba22-b8bb3e6d23c420220813_223511.jpg\",\"contentUrl\":\"https:\/\/vilarmarine.com\/wp-content\/uploads\/2022\/08\/image_b443a1f6-3ccc-4686-ba22-b8bb3e6d23c420220813_223511.jpg\",\"width\":976,\"height\":1301},{\"@type\":\"BreadcrumbList\",\"@id\":\"https:\/\/vilarmarine.com\/es\/gestoria-nautica\/#breadcrumb\",\"itemListElement\":[{\"@type\":\"ListItem\",\"position\":1,\"name\":\"Portada\",\"item\":\"https:\/\/vilarmarine.com\/es\/\"},{\"@type\":\"ListItem\",\"position\":2,\"name\":\"Gestor\u00eda N\u00e1utica\"}]},{\"@type\":\"WebSite\",\"@id\":\"https:\/\/vilarmarine.com\/es\/#website\",\"url\":\"https:\/\/vilarmarine.com\/es\/\",\"name\":\"VILAR MARINE\",\"description\":\"\",\"publisher\":{\"@id\":\"https:\/\/vilarmarine.com\/es\/#organization\"},\"potentialAction\":[{\"@type\":\"SearchAction\",\"target\":{\"@type\":\"EntryPoint\",\"urlTemplate\":\"https:\/\/vilarmarine.com\/es\/?s={search_term_string}\"},\"query-input\":\"required name=search_term_string\"}],\"inLanguage\":\"es\"},{\"@type\":\"Organization\",\"@id\":\"https:\/\/vilarmarine.com\/es\/#organization\",\"name\":\"VILAR MARINE\",\"url\":\"https:\/\/vilarmarine.com\/es\/\",\"logo\":{\"@type\":\"ImageObject\",\"inLanguage\":\"es\",\"@id\":\"https:\/\/vilarmarine.com\/es\/#\/schema\/logo\/image\/\",\"url\":\"\",\"contentUrl\":\"\",\"caption\":\"VILAR MARINE\"},\"image\":{\"@id\":\"https:\/\/vilarmarine.com\/es\/#\/schema\/logo\/image\/\"}}]}<\/script>\n<!-- \/ Yoast SEO plugin. -->","yoast_head_json":{"title":"Gestor\u00eda N\u00e1utica del siglo XXI | Vilarmarine.com","description":"Todos los tramites relacionados con las embarcaciones y el mar, de la mano de la gestor\u00eda n\u00e1utica de siglo XXI. Profesionales a su servicio.","robots":{"index":"index","follow":"follow","max-snippet":"max-snippet:-1","max-image-preview":"max-image-preview:large","max-video-preview":"max-video-preview:-1"},"canonical":"https:\/\/vilarmarine.com\/es\/gestoria-nautica\/","og_locale":"es_ES","og_type":"article","og_title":"Gestor\u00eda N\u00e1utica del siglo XXI | Vilarmarine.com","og_description":"Todos los tramites relacionados con las embarcaciones y el mar, de la mano de la gestor\u00eda n\u00e1utica de siglo XXI. Profesionales a su servicio.","og_url":"https:\/\/vilarmarine.com\/es\/gestoria-nautica\/","og_site_name":"VILAR MARINE","article_modified_time":"2023-11-15T07:15:11+00:00","og_image":[{"width":976,"height":1301,"url":"https:\/\/vilarmarine.com\/wp-content\/uploads\/2022\/08\/image_b443a1f6-3ccc-4686-ba22-b8bb3e6d23c420220813_223511.jpg","type":"image\/jpeg"}],"twitter_card":"summary_large_image","twitter_misc":{"Tiempo de lectura":"3 minutos"},"schema":{"@context":"https:\/\/schema.org","@graph":[{"@type":"WebPage","@id":"https:\/\/vilarmarine.com\/es\/gestoria-nautica\/","url":"https:\/\/vilarmarine.com\/es\/gestoria-nautica\/","name":"Gestor\u00eda N\u00e1utica del siglo XXI | Vilarmarine.com","isPartOf":{"@id":"https:\/\/vilarmarine.com\/es\/#website"},"primaryImageOfPage":{"@id":"https:\/\/vilarmarine.com\/es\/gestoria-nautica\/#primaryimage"},"image":{"@id":"https:\/\/vilarmarine.com\/es\/gestoria-nautica\/#primaryimage"},"thumbnailUrl":"https:\/\/vilarmarine.com\/wp-content\/uploads\/2022\/08\/image_b443a1f6-3ccc-4686-ba22-b8bb3e6d23c420220813_223511.jpg","datePublished":"2023-08-11T11:20:48+00:00","dateModified":"2023-11-15T07:15:11+00:00","description":"Todos los tramites relacionados con las embarcaciones y el mar, de la mano de la gestor\u00eda n\u00e1utica de siglo XXI. Profesionales a su servicio.","breadcrumb":{"@id":"https:\/\/vilarmarine.com\/es\/gestoria-nautica\/#breadcrumb"},"inLanguage":"es","potentialAction":[{"@type":"ReadAction","target":["https:\/\/vilarmarine.com\/es\/gestoria-nautica\/"]}]},{"@type":"ImageObject","inLanguage":"es","@id":"https:\/\/vilarmarine.com\/es\/gestoria-nautica\/#primaryimage","url":"https:\/\/vilarmarine.com\/wp-content\/uploads\/2022\/08\/image_b443a1f6-3ccc-4686-ba22-b8bb3e6d23c420220813_223511.jpg","contentUrl":"https:\/\/vilarmarine.com\/wp-content\/uploads\/2022\/08\/image_b443a1f6-3ccc-4686-ba22-b8bb3e6d23c420220813_223511.jpg","width":976,"height":1301},{"@type":"BreadcrumbList","@id":"https:\/\/vilarmarine.com\/es\/gestoria-nautica\/#breadcrumb","itemListElement":[{"@type":"ListItem","position":1,"name":"Portada","item":"https:\/\/vilarmarine.com\/es\/"},{"@type":"ListItem","position":2,"name":"Gestor\u00eda N\u00e1utica"}]},{"@type":"WebSite","@id":"https:\/\/vilarmarine.com\/es\/#website","url":"https:\/\/vilarmarine.com\/es\/","name":"VILAR MARINE","description":"","publisher":{"@id":"https:\/\/vilarmarine.com\/es\/#organization"},"potentialAction":[{"@type":"SearchAction","target":{"@type":"EntryPoint","urlTemplate":"https:\/\/vilarmarine.com\/es\/?s={search_term_string}"},"query-input":"required name=search_term_string"}],"inLanguage":"es"},{"@type":"Organization","@id":"https:\/\/vilarmarine.com\/es\/#organization","name":"VILAR MARINE","url":"https:\/\/vilarmarine.com\/es\/","logo":{"@type":"ImageObject","inLanguage":"es","@id":"https:\/\/vilarmarine.com\/es\/#\/schema\/logo\/image\/","url":"","contentUrl":"","caption":"VILAR MARINE"},"image":{"@id":"https:\/\/vilarmarine.com\/es\/#\/schema\/logo\/image\/"}}]}},"_links":{"self":[{"href":"https:\/\/vilarmarine.com\/es\/wp-json\/wp\/v2\/pages\/8524"}],"collection":[{"href":"https:\/\/vilarmarine.com\/es\/wp-json\/wp\/v2\/pages"}],"about":[{"href":"https:\/\/vilarmarine.com\/es\/wp-json\/wp\/v2\/types\/page"}],"author":[{"embeddable":true,"href":"https:\/\/vilarmarine.com\/es\/wp-json\/wp\/v2\/users\/3"}],"replies":[{"embeddable":true,"href":"https:\/\/vilarmarine.com\/es\/wp-json\/wp\/v2\/comments?post=8524"}],"version-history":[{"count":13,"href":"https:\/\/vilarmarine.com\/es\/wp-json\/wp\/v2\/pages\/8524\/revisions"}],"predecessor-version":[{"id":8614,"href":"https:\/\/vilarmarine.com\/es\/wp-json\/wp\/v2\/pages\/8524\/revisions\/8614"}],"wp:featuredmedia":[{"embeddable":true,"href":"https:\/\/vilarmarine.com\/es\/wp-json\/wp\/v2\/media\/8417"}],"wp:attachment":[{"href":"https:\/\/vilarmarine.com\/es\/wp-json\/wp\/v2\/media?parent=8524"}],"curies":[{"name":"wp","href":"https:\/\/api.w.org\/{rel}","templated":true}]}}