{"id":8522,"date":"2023-08-11T11:16:58","date_gmt":"2023-08-11T11:16:58","guid":{"rendered":"https:\/\/vilarmarine.com\/?page_id=8522"},"modified":"2023-08-11T12:54:22","modified_gmt":"2023-08-11T12:54:22","slug":"ingenieria-naval-peritaciones","status":"publish","type":"page","link":"https:\/\/vilarmarine.com\/es\/ingenieria-naval-peritaciones\/","title":{"rendered":"Ingenier\u00eda Naval y Peritaciones"},"content":{"rendered":"<section class=\"l-section wpb_row height_custom with_img\" id=\"s2\"><div class=\"l-section-img\" role=\"img\" data-img-width=\"1902\" data-img-height=\"1200\" style=\"background-image: url(https:\/\/vilarmarine.com\/wp-content\/uploads\/2022\/07\/bg001.jpg);\"><\/div><div class=\"l-section-h i-cf\"><div class=\"g-cols vc_row via_flex valign_top type_default reversed stacking_default\" style=\"--additional-gap:10px;\"><div class=\"vc_col-sm-6 wpb_column vc_column_container\"><div class=\"vc_column-inner us_custom_60e9caca us_animate_this\"><div class=\"wpb_wrapper\"><h1 class=\"w-text us_custom_caf6ea43 has_text_color\"><span class=\"w-text-h\"><span class=\"w-text-value\">Ingenier\u00eda Naval y Peritaciones<\/span><\/span><\/h1><div class=\"w-separator size_custom\" style=\"height:10px\"><\/div><div class=\"wpb_text_column us_custom_4ad4a63a\"><div class=\"wpb_wrapper\"><p>Ingenieros Navales experimentados, cubrimos una amplia gama de servicios t\u00e9cnicos, algunos ejemplos de lo que podemos ofrecerte:<\/p>\n<ul>\n<li>Desarrollo y supervisi\u00f3n de Ingenier\u00eda B\u00e1sica y de Detalle a lo largo del proyecto.<\/li>\n<li>Estudios de estabilidad; peso en rosca, experiencias y desarrollo de libros de estabilidad pertinentes.<\/li>\n<li>An\u00e1lisis estructurales, estudios de transporte, volteo, operaciones portuarias y offshore.<\/li>\n<li>Gesti\u00f3n de las relaciones con la Sociedad de Clasificaci\u00f3n y Bandera.<\/li>\n<\/ul>\n<\/div><\/div><div class=\"w-separator size_small\"><\/div><\/div><\/div><\/div><div class=\"vc_col-sm-6 wpb_column vc_column_container\"><div class=\"vc_column-inner us_custom_5a44fc97 us_animate_this type_sticky\"><div class=\"wpb_wrapper\"><div class=\"w-image style_shadow-2 align_none\"><div class=\"w-image-h\"><div class=\"w-image-shadow\" style=\"background-image:url(https:\/\/vilarmarine.com\/wp-content\/uploads\/2022\/08\/image_43a7ae09-5628-4abc-b547-e46577c225dc20220814_085429-1024x1024.jpg);\"><\/div><img decoding=\"async\" width=\"1024\" height=\"1024\" src=\"https:\/\/vilarmarine.com\/wp-content\/uploads\/2022\/08\/image_43a7ae09-5628-4abc-b547-e46577c225dc20220814_085429-1024x1024.jpg\" class=\"attachment-large size-large\" alt=\"\" loading=\"lazy\" srcset=\"https:\/\/vilarmarine.com\/wp-content\/uploads\/2022\/08\/image_43a7ae09-5628-4abc-b547-e46577c225dc20220814_085429-1024x1024.jpg 1024w, https:\/\/vilarmarine.com\/wp-content\/uploads\/2022\/08\/image_43a7ae09-5628-4abc-b547-e46577c225dc20220814_085429-300x300.jpg 300w, https:\/\/vilarmarine.com\/wp-content\/uploads\/2022\/08\/image_43a7ae09-5628-4abc-b547-e46577c225dc20220814_085429-150x150.jpg 150w, https:\/\/vilarmarine.com\/wp-content\/uploads\/2022\/08\/image_43a7ae09-5628-4abc-b547-e46577c225dc20220814_085429-500x500.jpg 500w, https:\/\/vilarmarine.com\/wp-content\/uploads\/2022\/08\/image_43a7ae09-5628-4abc-b547-e46577c225dc20220814_085429-600x600.jpg 600w, https:\/\/vilarmarine.com\/wp-content\/uploads\/2022\/08\/image_43a7ae09-5628-4abc-b547-e46577c225dc20220814_085429-400x400.jpg 400w, https:\/\/vilarmarine.com\/wp-content\/uploads\/2022\/08\/image_43a7ae09-5628-4abc-b547-e46577c225dc20220814_085429-200x200.jpg 200w, https:\/\/vilarmarine.com\/wp-content\/uploads\/2022\/08\/image_43a7ae09-5628-4abc-b547-e46577c225dc20220814_085429.jpg 1536w\" sizes=\"(max-width: 1024px) 100vw, 1024px\" \/><\/div><\/div><\/div><\/div><\/div><\/div><\/div><\/section><section class=\"l-section wpb_row height_huge color_secondary with_img parallax_fixed\"><div class=\"l-section-img\" role=\"img\" data-img-width=\"1620\" data-img-height=\"1080\" style=\"background-image: url(https:\/\/vilarmarine.com\/wp-content\/uploads\/2022\/07\/ehrtyy5.jpg);\"><\/div><div class=\"l-section-overlay\" style=\"background:rgba(26,26,26,0.67)\"><\/div><div class=\"l-section-h i-cf\"><div class=\"g-cols vc_row via_flex valign_top type_default stacking_default\" style=\"--additional-gap:10px;\"><div class=\"vc_col-sm-12 wpb_column vc_column_container\"><div class=\"vc_column-inner\"><div class=\"wpb_wrapper\"><div class=\"w-text us_custom_b4157174 has_text_color\"><span class=\"w-text-h\"><span class=\"w-text-value\">Nuestros puntos fuertes<\/span><\/span><\/div><div class=\"wpb_text_column us_custom_de857b7f\"><div class=\"wpb_wrapper\"><\/div><\/div><div class=\"w-separator size_small\"><\/div><\/div><\/div><\/div><div class=\"vc_col-sm-6 wpb_column vc_column_container\"><div class=\"vc_column-inner us_custom_60e9caca us_animate_this\"><div class=\"wpb_wrapper\"><div class=\"w-text us_custom_1a2a4316 has_text_color\"><span class=\"w-text-h\"><span class=\"w-text-value\">01<\/span><\/span><\/div><div class=\"wpb_text_column us_custom_fe886e40\"><div class=\"wpb_wrapper\"><h3>Profesionalidad<\/h3>\n<\/div><\/div><div class=\"wpb_text_column us_custom_fe886e40\"><div class=\"wpb_wrapper\"><\/div><\/div><div class=\"w-separator size_small\"><\/div><\/div><\/div><\/div><div class=\"vc_col-sm-6 wpb_column vc_column_container\"><div class=\"vc_column-inner us_custom_f70d789f us_animate_this\"><div class=\"wpb_wrapper\"><div class=\"w-text us_custom_1a2a4316 has_text_color\"><span class=\"w-text-h\"><span class=\"w-text-value\">02<\/span><\/span><\/div><div class=\"wpb_text_column\"><div class=\"wpb_wrapper\"><div class=\"wpb_text_column\">\n<div class=\"wpb_wrapper\">\n<h3>Garant\u00eda<\/h3>\n<\/div>\n<\/div>\n<\/div><\/div><div class=\"wpb_text_column us_custom_fe886e40\"><div class=\"wpb_wrapper\"><\/div><\/div><div class=\"w-separator size_small\"><\/div><\/div><\/div><\/div><div class=\"vc_col-sm-6 wpb_column vc_column_container\"><div class=\"vc_column-inner us_custom_1fb8b2dc us_animate_this\"><div class=\"wpb_wrapper\"><div class=\"w-text us_custom_1a2a4316 has_text_color\"><span class=\"w-text-h\"><span class=\"w-text-value\">03<\/span><\/span><\/div><div class=\"wpb_text_column\"><div class=\"wpb_wrapper\"><h3>Rapidez de respuesta<\/h3>\n<\/div><\/div><div class=\"wpb_text_column us_custom_fe886e40\"><div class=\"wpb_wrapper\"><\/div><\/div><div class=\"w-separator size_small\"><\/div><\/div><\/div><\/div><div class=\"vc_col-sm-6 wpb_column vc_column_container\"><div class=\"vc_column-inner us_custom_15a2201b us_animate_this\"><div class=\"wpb_wrapper\"><div class=\"w-text us_custom_1a2a4316 has_text_color\"><span class=\"w-text-h\"><span class=\"w-text-value\">04<\/span><\/span><\/div><div class=\"wpb_text_column\"><div class=\"wpb_wrapper\"><h3>Excelencia<\/h3>\n<\/div><\/div><div class=\"wpb_text_column us_custom_fe886e40\"><div class=\"wpb_wrapper\"><\/div><\/div><div class=\"w-separator size_small\"><\/div><\/div><\/div><\/div><div class=\"vc_col-sm-6 vc_hidden-lg vc_hidden-md vc_hidden-sm vc_hidden-xs wpb_column vc_column_container\"><div class=\"vc_column-inner us_custom_de366d1c us_animate_this\"><div class=\"wpb_wrapper\"><div class=\"w-text us_custom_10a545cb has_text_color\"><span class=\"w-text-h\"><span class=\"w-text-value\">05<\/span><\/span><\/div><div class=\"wpb_text_column\"><div class=\"wpb_wrapper\"><h3><strong>Extra<\/strong><\/h3>\n<\/div><\/div><div class=\"wpb_text_column us_custom_fe886e40\"><div class=\"wpb_wrapper\"><p>Lorem ipsum dolor sit amet, consectetur adipiscing elit. Integer sagittis urna sit amet arcu dignissim tempus. Nunc lorem sapien, viverra nec luctus ac, ultrices eu arcu.<\/p>\n<\/div><\/div><div class=\"w-separator size_small\"><\/div><\/div><\/div><\/div><div class=\"vc_col-sm-6 vc_hidden-lg vc_hidden-md vc_hidden-sm vc_hidden-xs wpb_column vc_column_container\"><div class=\"vc_column-inner us_custom_15a2201b us_animate_this\"><div class=\"wpb_wrapper\"><div class=\"w-text us_custom_10a545cb has_text_color\"><span class=\"w-text-h\"><span class=\"w-text-value\">06<\/span><\/span><\/div><div class=\"wpb_text_column\"><div class=\"wpb_wrapper\"><h3><strong>Extra<\/strong><\/h3>\n<\/div><\/div><div class=\"wpb_text_column us_custom_fe886e40\"><div class=\"wpb_wrapper\"><p>Lorem ipsum dolor sit amet, consectetur adipiscing elit. Integer sagittis urna sit amet arcu dignissim tempus. Nunc lorem sapien, viverra nec luctus ac, ultrices eu arcu.<\/p>\n<\/div><\/div><\/div><\/div><\/div><\/div><\/div><\/section><section class=\"l-section wpb_row height_small\" id=\"contact\"><div class=\"l-section-overlay\" style=\"background:#054e80\"><\/div><div class=\"l-section-h i-cf\"><div class=\"g-cols vc_row via_flex valign_top type_default stacking_default\" style=\"--additional-gap:10px;\"><div class=\"vc_col-sm-12 wpb_column vc_column_container\"><div class=\"vc_column-inner us_custom_60e9caca us_animate_this\"><div class=\"wpb_wrapper\"><p class=\"w-text us_custom_b8878d37 has_text_color\"><span class=\"w-text-h\"><span class=\"w-text-value\">Cont\u00e1ctenos. Solicite informaci\u00f3n sin compromiso.<\/span><\/span><\/p><div class=\"w-btn-wrapper align_center\"><a class=\"w-btn us-btn-style_1 us_custom_7b84a47e\" href=\"#contact\"><span class=\"w-btn-label\">CONTACTO<\/span><\/a><\/div><\/div><\/div><\/div><\/div><\/div><\/section>\n","protected":false},"excerpt":{"rendered":"Ingenier\u00eda Naval y PeritacionesIngenieros Navales experimentados, cubrimos una amplia gama de servicios t\u00e9cnicos, algunos ejemplos de lo que podemos ofrecerte: Desarrollo y supervisi\u00f3n de Ingenier\u00eda B\u00e1sica y de Detalle a lo largo del proyecto. Estudios de estabilidad; peso en rosca, experiencias y desarrollo de libros de estabilidad pertinentes. An\u00e1lisis estructurales, estudios de transporte, volteo, operaciones...","protected":false},"author":3,"featured_media":0,"parent":0,"menu_order":0,"comment_status":"closed","ping_status":"closed","template":"","meta":{"_joinchat":[],"footnotes":""},"yoast_head":"<!-- This site is optimized with the Yoast SEO plugin v22.8 - https:\/\/yoast.com\/wordpress\/plugins\/seo\/ -->\n<title>Ingenier\u00eda Naval y Peritaciones - VILAR MARINE<\/title>\n<meta name=\"description\" content=\"Ingenieros Navales experimentados, cubrimos una amplia gama de servicios t\u00e9cnicos: entra en la web y descubre m\u00e1s\" \/>\n<meta name=\"robots\" content=\"index, follow, max-snippet:-1, max-image-preview:large, max-video-preview:-1\" \/>\n<link rel=\"canonical\" href=\"https:\/\/vilarmarine.com\/es\/ingenieria-naval-peritaciones\/\" \/>\n<meta property=\"og:locale\" content=\"es_ES\" \/>\n<meta property=\"og:type\" content=\"article\" \/>\n<meta property=\"og:title\" content=\"Ingenier\u00eda Naval y Peritaciones - VILAR MARINE\" \/>\n<meta property=\"og:description\" content=\"Ingenieros Navales experimentados, cubrimos una amplia gama de servicios t\u00e9cnicos: entra en la web y descubre m\u00e1s\" \/>\n<meta property=\"og:url\" content=\"https:\/\/vilarmarine.com\/es\/ingenieria-naval-peritaciones\/\" \/>\n<meta property=\"og:site_name\" content=\"VILAR MARINE\" \/>\n<meta property=\"article:modified_time\" content=\"2023-08-11T12:54:22+00:00\" \/>\n<meta name=\"twitter:card\" content=\"summary_large_image\" \/>\n<meta name=\"twitter:label1\" content=\"Tiempo de lectura\" \/>\n\t<meta name=\"twitter:data1\" content=\"3 minutos\" \/>\n<script type=\"application\/ld+json\" class=\"yoast-schema-graph\">{\"@context\":\"https:\/\/schema.org\",\"@graph\":[{\"@type\":\"WebPage\",\"@id\":\"https:\/\/vilarmarine.com\/es\/ingenieria-naval-peritaciones\/\",\"url\":\"https:\/\/vilarmarine.com\/es\/ingenieria-naval-peritaciones\/\",\"name\":\"Ingenier\u00eda Naval y Peritaciones - VILAR MARINE\",\"isPartOf\":{\"@id\":\"https:\/\/vilarmarine.com\/es\/#website\"},\"datePublished\":\"2023-08-11T11:16:58+00:00\",\"dateModified\":\"2023-08-11T12:54:22+00:00\",\"description\":\"Ingenieros Navales experimentados, cubrimos una amplia gama de servicios t\u00e9cnicos: entra en la web y descubre m\u00e1s\",\"breadcrumb\":{\"@id\":\"https:\/\/vilarmarine.com\/es\/ingenieria-naval-peritaciones\/#breadcrumb\"},\"inLanguage\":\"es\",\"potentialAction\":[{\"@type\":\"ReadAction\",\"target\":[\"https:\/\/vilarmarine.com\/es\/ingenieria-naval-peritaciones\/\"]}]},{\"@type\":\"BreadcrumbList\",\"@id\":\"https:\/\/vilarmarine.com\/es\/ingenieria-naval-peritaciones\/#breadcrumb\",\"itemListElement\":[{\"@type\":\"ListItem\",\"position\":1,\"name\":\"Portada\",\"item\":\"https:\/\/vilarmarine.com\/es\/\"},{\"@type\":\"ListItem\",\"position\":2,\"name\":\"Ingenier\u00eda Naval y Peritaciones\"}]},{\"@type\":\"WebSite\",\"@id\":\"https:\/\/vilarmarine.com\/es\/#website\",\"url\":\"https:\/\/vilarmarine.com\/es\/\",\"name\":\"VILAR MARINE\",\"description\":\"\",\"publisher\":{\"@id\":\"https:\/\/vilarmarine.com\/es\/#organization\"},\"potentialAction\":[{\"@type\":\"SearchAction\",\"target\":{\"@type\":\"EntryPoint\",\"urlTemplate\":\"https:\/\/vilarmarine.com\/es\/?s={search_term_string}\"},\"query-input\":\"required name=search_term_string\"}],\"inLanguage\":\"es\"},{\"@type\":\"Organization\",\"@id\":\"https:\/\/vilarmarine.com\/es\/#organization\",\"name\":\"VILAR MARINE\",\"url\":\"https:\/\/vilarmarine.com\/es\/\",\"logo\":{\"@type\":\"ImageObject\",\"inLanguage\":\"es\",\"@id\":\"https:\/\/vilarmarine.com\/es\/#\/schema\/logo\/image\/\",\"url\":\"\",\"contentUrl\":\"\",\"caption\":\"VILAR MARINE\"},\"image\":{\"@id\":\"https:\/\/vilarmarine.com\/es\/#\/schema\/logo\/image\/\"}}]}<\/script>\n<!-- \/ Yoast SEO plugin. -->","yoast_head_json":{"title":"Ingenier\u00eda Naval y Peritaciones - VILAR MARINE","description":"Ingenieros Navales experimentados, cubrimos una amplia gama de servicios t\u00e9cnicos: entra en la web y descubre m\u00e1s","robots":{"index":"index","follow":"follow","max-snippet":"max-snippet:-1","max-image-preview":"max-image-preview:large","max-video-preview":"max-video-preview:-1"},"canonical":"https:\/\/vilarmarine.com\/es\/ingenieria-naval-peritaciones\/","og_locale":"es_ES","og_type":"article","og_title":"Ingenier\u00eda Naval y Peritaciones - VILAR MARINE","og_description":"Ingenieros Navales experimentados, cubrimos una amplia gama de servicios t\u00e9cnicos: entra en la web y descubre m\u00e1s","og_url":"https:\/\/vilarmarine.com\/es\/ingenieria-naval-peritaciones\/","og_site_name":"VILAR MARINE","article_modified_time":"2023-08-11T12:54:22+00:00","twitter_card":"summary_large_image","twitter_misc":{"Tiempo de lectura":"3 minutos"},"schema":{"@context":"https:\/\/schema.org","@graph":[{"@type":"WebPage","@id":"https:\/\/vilarmarine.com\/es\/ingenieria-naval-peritaciones\/","url":"https:\/\/vilarmarine.com\/es\/ingenieria-naval-peritaciones\/","name":"Ingenier\u00eda Naval y Peritaciones - VILAR MARINE","isPartOf":{"@id":"https:\/\/vilarmarine.com\/es\/#website"},"datePublished":"2023-08-11T11:16:58+00:00","dateModified":"2023-08-11T12:54:22+00:00","description":"Ingenieros Navales experimentados, cubrimos una amplia gama de servicios t\u00e9cnicos: entra en la web y descubre m\u00e1s","breadcrumb":{"@id":"https:\/\/vilarmarine.com\/es\/ingenieria-naval-peritaciones\/#breadcrumb"},"inLanguage":"es","potentialAction":[{"@type":"ReadAction","target":["https:\/\/vilarmarine.com\/es\/ingenieria-naval-peritaciones\/"]}]},{"@type":"BreadcrumbList","@id":"https:\/\/vilarmarine.com\/es\/ingenieria-naval-peritaciones\/#breadcrumb","itemListElement":[{"@type":"ListItem","position":1,"name":"Portada","item":"https:\/\/vilarmarine.com\/es\/"},{"@type":"ListItem","position":2,"name":"Ingenier\u00eda Naval y Peritaciones"}]},{"@type":"WebSite","@id":"https:\/\/vilarmarine.com\/es\/#website","url":"https:\/\/vilarmarine.com\/es\/","name":"VILAR MARINE","description":"","publisher":{"@id":"https:\/\/vilarmarine.com\/es\/#organization"},"potentialAction":[{"@type":"SearchAction","target":{"@type":"EntryPoint","urlTemplate":"https:\/\/vilarmarine.com\/es\/?s={search_term_string}"},"query-input":"required name=search_term_string"}],"inLanguage":"es"},{"@type":"Organization","@id":"https:\/\/vilarmarine.com\/es\/#organization","name":"VILAR MARINE","url":"https:\/\/vilarmarine.com\/es\/","logo":{"@type":"ImageObject","inLanguage":"es","@id":"https:\/\/vilarmarine.com\/es\/#\/schema\/logo\/image\/","url":"","contentUrl":"","caption":"VILAR MARINE"},"image":{"@id":"https:\/\/vilarmarine.com\/es\/#\/schema\/logo\/image\/"}}]}},"_links":{"self":[{"href":"https:\/\/vilarmarine.com\/es\/wp-json\/wp\/v2\/pages\/8522"}],"collection":[{"href":"https:\/\/vilarmarine.com\/es\/wp-json\/wp\/v2\/pages"}],"about":[{"href":"https:\/\/vilarmarine.com\/es\/wp-json\/wp\/v2\/types\/page"}],"author":[{"embeddable":true,"href":"https:\/\/vilarmarine.com\/es\/wp-json\/wp\/v2\/users\/3"}],"replies":[{"embeddable":true,"href":"https:\/\/vilarmarine.com\/es\/wp-json\/wp\/v2\/comments?post=8522"}],"version-history":[{"count":3,"href":"https:\/\/vilarmarine.com\/es\/wp-json\/wp\/v2\/pages\/8522\/revisions"}],"predecessor-version":[{"id":8546,"href":"https:\/\/vilarmarine.com\/es\/wp-json\/wp\/v2\/pages\/8522\/revisions\/8546"}],"wp:attachment":[{"href":"https:\/\/vilarmarine.com\/es\/wp-json\/wp\/v2\/media?parent=8522"}],"curies":[{"name":"wp","href":"https:\/\/api.w.org\/{rel}","templated":true}]}}