{"id":8519,"date":"2023-08-11T10:50:29","date_gmt":"2023-08-11T10:50:29","guid":{"rendered":"https:\/\/vilarmarine.com\/?page_id=8519"},"modified":"2023-08-11T12:50:04","modified_gmt":"2023-08-11T12:50:04","slug":"gestion-proyectos-supervision-obra","status":"publish","type":"page","link":"https:\/\/vilarmarine.com\/es\/gestion-proyectos-supervision-obra\/","title":{"rendered":"Gesti\u00f3n de proyectos y supervisi\u00f3n de obra"},"content":{"rendered":"<section class=\"l-section wpb_row height_custom with_img\" id=\"s1\"><div class=\"l-section-img\" role=\"img\" data-img-width=\"1902\" data-img-height=\"1200\" style=\"background-image: url(https:\/\/vilarmarine.com\/wp-content\/uploads\/2022\/07\/bg001.jpg);\"><\/div><div class=\"l-section-h i-cf\"><div class=\"g-cols vc_row via_flex valign_top type_default stacking_default\" style=\"--additional-gap:10px;\"><div class=\"vc_col-sm-6 wpb_column vc_column_container\"><div class=\"vc_column-inner us_custom_60e9caca us_animate_this type_sticky\"><div class=\"wpb_wrapper\"><div class=\"w-image style_shadow-2 align_none\"><div class=\"w-image-h\"><div class=\"w-image-shadow\" style=\"background-image:url(https:\/\/vilarmarine.com\/wp-content\/uploads\/2022\/08\/1619348316180-1024x683.jpg);\"><\/div><img decoding=\"async\" width=\"1024\" height=\"683\" src=\"https:\/\/vilarmarine.com\/wp-content\/uploads\/2022\/08\/1619348316180-1024x683.jpg\" class=\"attachment-large size-large\" alt=\"\" loading=\"lazy\" srcset=\"https:\/\/vilarmarine.com\/wp-content\/uploads\/2022\/08\/1619348316180-1024x683.jpg 1024w, https:\/\/vilarmarine.com\/wp-content\/uploads\/2022\/08\/1619348316180-300x200.jpg 300w, https:\/\/vilarmarine.com\/wp-content\/uploads\/2022\/08\/1619348316180-600x400.jpg 600w, https:\/\/vilarmarine.com\/wp-content\/uploads\/2022\/08\/1619348316180-200x133.jpg 200w, https:\/\/vilarmarine.com\/wp-content\/uploads\/2022\/08\/1619348316180-150x100.jpg 150w, https:\/\/vilarmarine.com\/wp-content\/uploads\/2022\/08\/1619348316180.jpg 1080w\" sizes=\"(max-width: 1024px) 100vw, 1024px\" \/><\/div><\/div><\/div><\/div><\/div><div class=\"vc_col-sm-6 wpb_column vc_column_container\"><div class=\"vc_column-inner us_custom_5a44fc97 us_animate_this\"><div class=\"wpb_wrapper\"><h1 class=\"w-text us_custom_caf6ea43 has_text_color\"><span class=\"w-text-h\"><span class=\"w-text-value\">Gesti\u00f3n de proyectos y supervisi\u00f3n de obra<\/span><\/span><\/h1><div class=\"wpb_text_column us_custom_4ad4a63a\"><div class=\"wpb_wrapper\"><p>\u00bfListo para comenzar tu pr\u00f3ximo proyecto? Podemos ayudarte.<\/p>\n<p>Gesti\u00f3n de proyectos de nueva construcci\u00f3n, reparaci\u00f3n, refits:<\/p>\n<ul>\n<li>Supervisi\u00f3n y gesti\u00f3n de proyectos en fases de ingenier\u00eda, producci\u00f3n y puesta en marcha.<\/li>\n<li>Gesti\u00f3n y soporte t\u00e9cnico y financiero en varadas convencionales y trabajos de reconversi\u00f3n.<\/li>\n<li>Preparaciones de inspecciones anuales y especiales de Sociedad de Clasificaci\u00f3n y Bandera.<\/li>\n<li>Representaci\u00f3n de Armador con contrastada experiencia y profesionalidad.<\/li>\n<\/ul>\n<\/div><\/div><div class=\"w-separator size_small\"><\/div><div class=\"w-hwrapper valign_middle wrap align_left\"><div class=\"w-btn-wrapper align_center\"><a class=\"w-btn us-btn-style_1 us_custom_7b84a47e\" href=\"#contact\"><span class=\"w-btn-label\">+INFO<\/span><\/a><\/div><\/div><\/div><\/div><\/div><\/div><\/div><\/section><section class=\"l-section wpb_row height_small\" id=\"contact\"><div class=\"l-section-overlay\" style=\"background:#054e80\"><\/div><div class=\"l-section-h i-cf\"><div class=\"g-cols vc_row via_flex valign_top type_default stacking_default\" style=\"--additional-gap:10px;\"><div class=\"vc_col-sm-12 wpb_column vc_column_container\"><div class=\"vc_column-inner us_custom_60e9caca us_animate_this\"><div class=\"wpb_wrapper\"><p class=\"w-text us_custom_b8878d37 has_text_color\"><span class=\"w-text-h\"><span class=\"w-text-value\">Cont\u00e1ctenos. Solicite informaci\u00f3n sin compromiso.<\/span><\/span><\/p><div class=\"w-separator size_small\"><\/div><div class=\"w-btn-wrapper align_center\"><a class=\"w-btn us-btn-style_1 us_custom_7b84a47e\" title=\"Contacto\" href=\"https:\/\/vilarmarine.com\/es\/contacto\/\"><span class=\"w-btn-label\">CONTACTO<\/span><\/a><\/div><\/div><\/div><\/div><\/div><\/div><\/section>\n","protected":false},"excerpt":{"rendered":"Gesti\u00f3n de proyectos y supervisi\u00f3n de obra\u00bfListo para comenzar tu pr\u00f3ximo proyecto? Podemos ayudarte. Gesti\u00f3n de proyectos de nueva construcci\u00f3n, reparaci\u00f3n, refits: Supervisi\u00f3n y gesti\u00f3n de proyectos en fases de ingenier\u00eda, producci\u00f3n y puesta en marcha. Gesti\u00f3n y soporte t\u00e9cnico y financiero en varadas convencionales y trabajos de reconversi\u00f3n. Preparaciones de inspecciones anuales y especiales...","protected":false},"author":3,"featured_media":0,"parent":0,"menu_order":0,"comment_status":"closed","ping_status":"closed","template":"","meta":{"_joinchat":[],"footnotes":""},"yoast_head":"<!-- This site is optimized with the Yoast SEO plugin v22.8 - https:\/\/yoast.com\/wordpress\/plugins\/seo\/ -->\n<title>Gesti\u00f3n de proyectos y supervisi\u00f3n de obra - VILAR MARINE<\/title>\n<meta name=\"description\" content=\"Gesti\u00f3n de proyectos de nueva construcci\u00f3n, reparaci\u00f3n, refits: Todo de manera integral con Vilar Naval tus ingenieros navales de confianza\" \/>\n<meta name=\"robots\" content=\"index, follow, max-snippet:-1, max-image-preview:large, max-video-preview:-1\" \/>\n<link rel=\"canonical\" href=\"https:\/\/vilarmarine.com\/es\/gestion-proyectos-supervision-obra\/\" \/>\n<meta property=\"og:locale\" content=\"es_ES\" \/>\n<meta property=\"og:type\" content=\"article\" \/>\n<meta property=\"og:title\" content=\"Gesti\u00f3n de proyectos y supervisi\u00f3n de obra - VILAR MARINE\" \/>\n<meta property=\"og:description\" content=\"Gesti\u00f3n de proyectos de nueva construcci\u00f3n, reparaci\u00f3n, refits: Todo de manera integral con Vilar Naval tus ingenieros navales de confianza\" \/>\n<meta property=\"og:url\" content=\"https:\/\/vilarmarine.com\/es\/gestion-proyectos-supervision-obra\/\" \/>\n<meta property=\"og:site_name\" content=\"VILAR MARINE\" \/>\n<meta property=\"article:modified_time\" content=\"2023-08-11T12:50:04+00:00\" \/>\n<meta name=\"twitter:card\" content=\"summary_large_image\" \/>\n<meta name=\"twitter:label1\" content=\"Tiempo de lectura\" \/>\n\t<meta name=\"twitter:data1\" content=\"1 minuto\" \/>\n<script type=\"application\/ld+json\" class=\"yoast-schema-graph\">{\"@context\":\"https:\/\/schema.org\",\"@graph\":[{\"@type\":\"WebPage\",\"@id\":\"https:\/\/vilarmarine.com\/es\/gestion-proyectos-supervision-obra\/\",\"url\":\"https:\/\/vilarmarine.com\/es\/gestion-proyectos-supervision-obra\/\",\"name\":\"Gesti\u00f3n de proyectos y supervisi\u00f3n de obra - VILAR MARINE\",\"isPartOf\":{\"@id\":\"https:\/\/vilarmarine.com\/es\/#website\"},\"datePublished\":\"2023-08-11T10:50:29+00:00\",\"dateModified\":\"2023-08-11T12:50:04+00:00\",\"description\":\"Gesti\u00f3n de proyectos de nueva construcci\u00f3n, reparaci\u00f3n, refits: Todo de manera integral con Vilar Naval tus ingenieros navales de confianza\",\"breadcrumb\":{\"@id\":\"https:\/\/vilarmarine.com\/es\/gestion-proyectos-supervision-obra\/#breadcrumb\"},\"inLanguage\":\"es\",\"potentialAction\":[{\"@type\":\"ReadAction\",\"target\":[\"https:\/\/vilarmarine.com\/es\/gestion-proyectos-supervision-obra\/\"]}]},{\"@type\":\"BreadcrumbList\",\"@id\":\"https:\/\/vilarmarine.com\/es\/gestion-proyectos-supervision-obra\/#breadcrumb\",\"itemListElement\":[{\"@type\":\"ListItem\",\"position\":1,\"name\":\"Portada\",\"item\":\"https:\/\/vilarmarine.com\/es\/\"},{\"@type\":\"ListItem\",\"position\":2,\"name\":\"Gesti\u00f3n de proyectos y supervisi\u00f3n de obra\"}]},{\"@type\":\"WebSite\",\"@id\":\"https:\/\/vilarmarine.com\/es\/#website\",\"url\":\"https:\/\/vilarmarine.com\/es\/\",\"name\":\"VILAR MARINE\",\"description\":\"\",\"publisher\":{\"@id\":\"https:\/\/vilarmarine.com\/es\/#organization\"},\"potentialAction\":[{\"@type\":\"SearchAction\",\"target\":{\"@type\":\"EntryPoint\",\"urlTemplate\":\"https:\/\/vilarmarine.com\/es\/?s={search_term_string}\"},\"query-input\":\"required name=search_term_string\"}],\"inLanguage\":\"es\"},{\"@type\":\"Organization\",\"@id\":\"https:\/\/vilarmarine.com\/es\/#organization\",\"name\":\"VILAR MARINE\",\"url\":\"https:\/\/vilarmarine.com\/es\/\",\"logo\":{\"@type\":\"ImageObject\",\"inLanguage\":\"es\",\"@id\":\"https:\/\/vilarmarine.com\/es\/#\/schema\/logo\/image\/\",\"url\":\"\",\"contentUrl\":\"\",\"caption\":\"VILAR MARINE\"},\"image\":{\"@id\":\"https:\/\/vilarmarine.com\/es\/#\/schema\/logo\/image\/\"}}]}<\/script>\n<!-- \/ Yoast SEO plugin. -->","yoast_head_json":{"title":"Gesti\u00f3n de proyectos y supervisi\u00f3n de obra - VILAR MARINE","description":"Gesti\u00f3n de proyectos de nueva construcci\u00f3n, reparaci\u00f3n, refits: Todo de manera integral con Vilar Naval tus ingenieros navales de confianza","robots":{"index":"index","follow":"follow","max-snippet":"max-snippet:-1","max-image-preview":"max-image-preview:large","max-video-preview":"max-video-preview:-1"},"canonical":"https:\/\/vilarmarine.com\/es\/gestion-proyectos-supervision-obra\/","og_locale":"es_ES","og_type":"article","og_title":"Gesti\u00f3n de proyectos y supervisi\u00f3n de obra - VILAR MARINE","og_description":"Gesti\u00f3n de proyectos de nueva construcci\u00f3n, reparaci\u00f3n, refits: Todo de manera integral con Vilar Naval tus ingenieros navales de confianza","og_url":"https:\/\/vilarmarine.com\/es\/gestion-proyectos-supervision-obra\/","og_site_name":"VILAR MARINE","article_modified_time":"2023-08-11T12:50:04+00:00","twitter_card":"summary_large_image","twitter_misc":{"Tiempo de lectura":"1 minuto"},"schema":{"@context":"https:\/\/schema.org","@graph":[{"@type":"WebPage","@id":"https:\/\/vilarmarine.com\/es\/gestion-proyectos-supervision-obra\/","url":"https:\/\/vilarmarine.com\/es\/gestion-proyectos-supervision-obra\/","name":"Gesti\u00f3n de proyectos y supervisi\u00f3n de obra - VILAR MARINE","isPartOf":{"@id":"https:\/\/vilarmarine.com\/es\/#website"},"datePublished":"2023-08-11T10:50:29+00:00","dateModified":"2023-08-11T12:50:04+00:00","description":"Gesti\u00f3n de proyectos de nueva construcci\u00f3n, reparaci\u00f3n, refits: Todo de manera integral con Vilar Naval tus ingenieros navales de confianza","breadcrumb":{"@id":"https:\/\/vilarmarine.com\/es\/gestion-proyectos-supervision-obra\/#breadcrumb"},"inLanguage":"es","potentialAction":[{"@type":"ReadAction","target":["https:\/\/vilarmarine.com\/es\/gestion-proyectos-supervision-obra\/"]}]},{"@type":"BreadcrumbList","@id":"https:\/\/vilarmarine.com\/es\/gestion-proyectos-supervision-obra\/#breadcrumb","itemListElement":[{"@type":"ListItem","position":1,"name":"Portada","item":"https:\/\/vilarmarine.com\/es\/"},{"@type":"ListItem","position":2,"name":"Gesti\u00f3n de proyectos y supervisi\u00f3n de obra"}]},{"@type":"WebSite","@id":"https:\/\/vilarmarine.com\/es\/#website","url":"https:\/\/vilarmarine.com\/es\/","name":"VILAR MARINE","description":"","publisher":{"@id":"https:\/\/vilarmarine.com\/es\/#organization"},"potentialAction":[{"@type":"SearchAction","target":{"@type":"EntryPoint","urlTemplate":"https:\/\/vilarmarine.com\/es\/?s={search_term_string}"},"query-input":"required name=search_term_string"}],"inLanguage":"es"},{"@type":"Organization","@id":"https:\/\/vilarmarine.com\/es\/#organization","name":"VILAR MARINE","url":"https:\/\/vilarmarine.com\/es\/","logo":{"@type":"ImageObject","inLanguage":"es","@id":"https:\/\/vilarmarine.com\/es\/#\/schema\/logo\/image\/","url":"","contentUrl":"","caption":"VILAR MARINE"},"image":{"@id":"https:\/\/vilarmarine.com\/es\/#\/schema\/logo\/image\/"}}]}},"_links":{"self":[{"href":"https:\/\/vilarmarine.com\/es\/wp-json\/wp\/v2\/pages\/8519"}],"collection":[{"href":"https:\/\/vilarmarine.com\/es\/wp-json\/wp\/v2\/pages"}],"about":[{"href":"https:\/\/vilarmarine.com\/es\/wp-json\/wp\/v2\/types\/page"}],"author":[{"embeddable":true,"href":"https:\/\/vilarmarine.com\/es\/wp-json\/wp\/v2\/users\/3"}],"replies":[{"embeddable":true,"href":"https:\/\/vilarmarine.com\/es\/wp-json\/wp\/v2\/comments?post=8519"}],"version-history":[{"count":3,"href":"https:\/\/vilarmarine.com\/es\/wp-json\/wp\/v2\/pages\/8519\/revisions"}],"predecessor-version":[{"id":8544,"href":"https:\/\/vilarmarine.com\/es\/wp-json\/wp\/v2\/pages\/8519\/revisions\/8544"}],"wp:attachment":[{"href":"https:\/\/vilarmarine.com\/es\/wp-json\/wp\/v2\/media?parent=8519"}],"curies":[{"name":"wp","href":"https:\/\/api.w.org\/{rel}","templated":true}]}}