{"id":7121,"date":"2020-12-21T08:37:19","date_gmt":"2020-12-21T08:37:19","guid":{"rendered":"https:\/\/vilarmarine.com\/?page_id=7121"},"modified":"2023-10-05T12:17:45","modified_gmt":"2023-10-05T12:17:45","slug":"politica-de-privacidad","status":"publish","type":"page","link":"https:\/\/vilarmarine.com\/es\/politica-de-privacidad\/","title":{"rendered":"Pol\u00edtica de Privacidad"},"content":{"rendered":"<br \/>\n<h2>Pol\u00edticas de Privacidad<\/h2>\n<p>En <span  style=\"text-transform: uppercase;\">vilarmarine.com <\/span> respetamos en todo momento la seguridad y confidencialidad de sus datos personales, por lo que con el fin de ofrecerle un mejor servicio, se ha desarrollado esta Pol\u00edtica de Privacidad que tiene como objetivo informarle de forma clara del tratamiento y gesti\u00f3n que hacemos de sus datos personales.<\/p>\n<p>Para su comodidad, la Pol\u00edtica de Privacidad siempre estar\u00e1 accesible desde la web https:\/\/vilarmarine.com\/.<\/p>\n<p>Le recordamos que para el buen funcionamiento de la relaci\u00f3n, nos deber\u00e1 informar de cualquier modificaci\u00f3n que sufra la informaci\u00f3n facilitada, como por ejemplo cambios de domicilio, correo electr\u00f3nico, n\u00famero de tel\u00e9fono, etc. as\u00ed como informarnos en caso de p\u00e9rdida, sustracci\u00f3n o acceso no autorizado con las claves y c\u00f3digos de acceso personales que le podamos haber facilitado para el acceso a nuestra web. Para estos casos, as\u00ed como cualquier duda que pueda tener, ponemos a su disposici\u00f3n la siguiente direcci\u00f3n de correo electr\u00f3nico en la que le atenderemos: vilar@vilarmarine.com .<\/p>\n<h2>IDENTIDAD Y DATOS DE CONTACTO<\/h2>\n<p>VILAR NAVAL ARCHITECTS S.L.U. con domicilio en direcci\u00f3n :Oficinas de construcci\u00f3n global, Mlle. Viejo, 1, 07012 Palma, Islas Baleares S.L. Sede social:VILAR NAVAL ARCHITECTS S.L.U., es el responsable del tratamiento de sus datos personales, como empresa responsable de <span  style=\"text-transform: uppercase;\">vilarmarine.com <\/span>, en virtud de las leyes y normativas de protecci\u00f3n de datos aplicables.<br \/>\nSi tiene alguna duda sobre el procesamiento de sus datos personales, le ofrecemos las siguientes v\u00edas de contacto:<br \/>\nCorreo postal &#8211; direcci\u00f3n :Oficinas de construcci\u00f3n global, Mlle. Viejo, 1, 07012 Palma, Islas BalearesS.L. Sede social:VILAR NAVAL ARCHITECTS S.L.U..<br \/>\nCorreo electr\u00f3nico: vilar@vilarmarine.com <\/p>\n<h2>TIPOS DE DATOS QUE LE SOLICITAMOS<\/h2>\n<p>Para poder prestarle nuestros servicios de la mejor forma, dependiendo del servicio solicitado necesitaremos que nos facilite algunos datos personales, como por ejemplo nombre completo, direcci\u00f3n, correo electr\u00f3nico o tel\u00e9fono m\u00f3vil.<\/p>\n<p>Algunos de estos datos son obligatorios para la prestaci\u00f3n del servicio, en estos casos, ser\u00e1n identificados como tales en el propio formulario. Le informamos que la negativa a suministrar dicha informaci\u00f3n nos impedir\u00e1 hacer efectivo el servicio solicitado.<\/p>\n<ul>\n<li>Alta en la tienda online: Nombre completo, direcci\u00f3n y tel\u00e9fono.<\/li>\n<li>Compra de productos v\u00eda web: medio de pago, n\u00famero de cuenta, tarjeta que incluye n\u00ba de tarjeta, tipo de tarjeta, fecha de caducidad y n\u00ba CVV.<\/li>\n<li>Alta en Newsletter: correo electr\u00f3nico.<\/li>\n<\/ul>\n<p>Adem\u00e1s de lo anterior, con la finalidad de conocerle mejor y as\u00ed poder prestarle un servicio m\u00e1s personalizado, podemos recabar datos por nuestra cuenta usando cookies o su historial de compras, que unidos a los datos que previamente nos ha facilitado, utilizamos para personalizar las ofertas, promociones y comunicaciones con usted para as\u00ed poder ofrecerle los productos y servicios que m\u00e1s se ajustan a sus gustos e intereses personales. Si no conoce nuestra Pol\u00edtica de uso de Cookies, puede consultarla en cualquier momento accediendo a la siguiente direcci\u00f3n: https:\/\/vilarmarine.com \/politica-cookies.<\/p>\n<p>Asimismo podremos realizar perfiles utilizando sus datos de uso de la web, historial de compras, g\u00e9nero, edad. El perfilado consiste en evaluar determinados aspectos relacionados con su persona, como por ejemplo su historial de compras, edad, zona geogr\u00e1fica, etc. para conocer mejor sus gustos y necesidades y as\u00ed poder ofrecerle los productos y servicios m\u00e1s acordes con sus necesidades y gustos.<\/p>\n<h2>USO QUE REALIZAMOS DE LOS DATOS Y BASE LEGAL<\/h2>\n<p><span  style=\"text-transform: uppercase;\">vilarmarine.com <\/span> es consciente de la importancia de la seguridad y confidencialidad de sus datos personales, por lo que entodo momento le informamos de forma clara de las finalidades y usos que se dar\u00e1n a los mismos. De esta forma le informamos que la finalidad principal del tratamiento de sus datos ser\u00e1 la venta y env\u00edo de los productos que comercializamos basado en la relaci\u00f3n contractual que tenga con <span  style=\"text-transform: uppercase;\">vilarmarine.com <\/span>. Adem\u00e1s podemos tratar sus datos para las siguientes finalidades:<\/p>\n<p>Basado en el inter\u00e9s leg\u00edtimo de <span  style=\"text-transform: uppercase;\">vilarmarine.com <\/span> utilizaremos sus datos para:<\/p>\n<ul>\n<li>Env\u00edo de informaci\u00f3n comercial sobre productos, servicios, promociones y\/o eventos propios de <span  style=\"text-transform: uppercase;\">vilarmarine.com <\/span>, por cualquiera de los medios de contacto que nos haya facilitado que podr\u00e1n incluir v\u00eda telef\u00f3nica, SMS, mensajer\u00eda instant\u00e1nea, correo electr\u00f3nico o postal.<\/li>\n<li>Estudios estad\u00edsticos para adecuar los servicios y su calidad de cara al cliente.<\/li>\n<li>Perfilado de nuestros clientes para conocerles mejor y poder desarrollar y ofrecer los productos y servicios m\u00e1s acordes con sus necesidades y gustos.<\/li>\n<li>Ofrecerle nuestros servicios de atenci\u00f3n al consumidor.<\/li>\n<\/ul>\n<p>Con su consentimiento utilizaremos los datos recabados para:<\/p>\n<ul>\n<li>Gestionar el alta en la newsletter y el alta en la creaci\u00f3n de cuenta Web.<\/li>\n<li>Concursos, sorteos, juegos, etc.<\/li>\n<\/ul>\n<h2>COMO SE COMPARTIR\u00c1N SUS DATOS PERSONALES<\/h2>\n<p><span  style=\"text-transform: uppercase;\">vilarmarine.com <\/span> normalmente no compartir\u00e1 sus datos personales con nadie a menos que as\u00ed lo exijan las leyes o la comunicaci\u00f3n sea estrictamente necesaria para el cumplimiento de la relaci\u00f3n comercial que mantiene como cliente, pero puede haber casos, siempre con su consentimiento, en los que podremos compartir sus datos con empresas colaboradoras para poder remitirle informaci\u00f3n comercial que pueda ser de su inter\u00e9s.<\/p>\n<p>Comunicaciones de datos a terceros en cumplimiento de la relaci\u00f3n contractual que mantiene con <span  style=\"text-transform: uppercase;\">vilarmarine.com <\/span>:<\/p>\n<ul>\n<li>En caso de realizar una compra, sus datos ser\u00e1n comunicados a empresas de distribuci\u00f3n y puntos de entrega con la finalidad de canalizar las oportunas comunicaciones, hacerle llegar los productos contratados, o avisarle de la entrega de los mismos.<\/li>\n<li>Notarios y terceras partes que puedan participar de la gesti\u00f3n de los concursos, promociones o sorteos que realiza <span  style=\"text-transform: uppercase;\">vilarmarine.com <\/span> y en los que haya decidido participar.<\/li>\n<\/ul>\n<h2>TIEMPO DURANTE EL QUE SE CONSERVAR\u00c1N SUS DATOS<\/h2>\n<p>Dependiendo de la finalidad con la que tratemos sus datos, los tiempos de custodia de los mismos ser\u00e1n diferentes. Le informamos del tiempo de custodia a continuaci\u00f3n:<\/p>\n<ul>\n<li>Datos de cliente, gesti\u00f3n de cuenta, atenci\u00f3n cliente: mientras siga dado de alta como cliente, y en el caso de baja, 5 a\u00f1os desde su baja para cumplir con las obligaciones fiscales, o de cualquier otra \u00edndole, de la empresa que pudieran haber surgido durante la relaci\u00f3n.<\/li>\n<li>Datos de contacto para uso comercial propio o de terceros por cualquier medio: con esta finalidad sus datos ser\u00e1n tratados indefinidamente, hasta el momento en que usted decida revocar su consentimiento, oponerse a este tratamiento, suprimir sus datos o limitar el tratamiento de los mismos.<\/li>\n<\/ul>\n<h2>SEGURIDAD DE SUS DATOS<\/h2>\n<p><span  style=\"text-transform: uppercase;\">vilarmarine.com <\/span> ha adoptado las medidas de \u00edndole t\u00e9cnica y organizativas necesarias que garantizan la seguridad de los datos de car\u00e1cter personal y eviten su alteraci\u00f3n, p\u00e9rdida, tratamiento o acceso no autorizado, habida cuenta del estado de la tecnolog\u00eda, la naturaleza de los datos almacenados y los riesgos a que est\u00e9n expuestos, ya provengan de la acci\u00f3n humana o del medio f\u00edsico o natural.<br \/>\nNo obstante, el usuario debe ser consciente de que las medidas de seguridad en Internet no son inexpugnables.<\/p>\n<h2>MIS DERECHOS<\/h2>\n<p>En todo momento podr\u00e1 revocar, en su caso, el consentimiento prestado, as\u00ed como ejercer sus derechos de acceso, rectificaci\u00f3n, supresi\u00f3n, oposici\u00f3n, limitaci\u00f3n de su tratamiento y portabilidad, cuando dichos derechos sean aplicables. Para ello le facilitamos las siguientes v\u00edas:<\/p>\n<ul>\n<li>A trav\u00e9s de correo ordinario, dirigido al Servicio de atenci\u00f3n al cliente de <span  style=\"text-transform: uppercase;\">vilarmarine.com <\/span>, al siguiente domicilio: direcci\u00f3n :Oficinas de construcci\u00f3n global, Mlle. Viejo, 1, 07012 Palma, Islas Baleares .<\/li>\n<li>En los formularios que puede obtener en nuestras tiendas.<\/li>\n<li>Por correo electr\u00f3nico a: vilar@vilarmarine.com  <\/li>\n<\/ul>\n<p>En su solicitud, deber\u00e1 incluir n\u00famero de cliente y remitiendo en cualquier caso, copia de su DNI.<\/p>\n<p>Asimismo, si considera que sus datos han sido tratados de forma inadecuada, tendr\u00e1 derecho a dirigirse a la Agencia Espa\u00f1ola de Protecci\u00f3n de Datos (C\/ Jorge Juan, 6. 28001 \u2013 Madrid www.agpd.es).<\/p>\n","protected":false},"excerpt":{"rendered":"<p>Pol\u00edticas de Privacidad En vilarmarine.com respetamos en todo momento la seguridad y confidencialidad de sus datos personales, por lo que con el fin de ofrecerle un mejor servicio, se ha desarrollado esta Pol\u00edtica de Privacidad que tiene como objetivo informarle de forma clara del tratamiento y gesti\u00f3n que hacemos de sus datos personales. Para su&#8230;<\/p>\n","protected":false},"author":2,"featured_media":0,"parent":0,"menu_order":0,"comment_status":"closed","ping_status":"closed","template":"","meta":{"_joinchat":[],"footnotes":""},"yoast_head":"<!-- This site is optimized with the Yoast SEO plugin v22.8 - https:\/\/yoast.com\/wordpress\/plugins\/seo\/ -->\n<title>Pol\u00edtica de Privacidad - VILAR MARINE<\/title>\n<meta name=\"robots\" content=\"index, follow, max-snippet:-1, max-image-preview:large, max-video-preview:-1\" \/>\n<link rel=\"canonical\" href=\"https:\/\/vilarmarine.com\/es\/politica-de-privacidad\/\" \/>\n<meta property=\"og:locale\" content=\"es_ES\" \/>\n<meta property=\"og:type\" content=\"article\" \/>\n<meta property=\"og:title\" content=\"Pol\u00edtica de Privacidad - VILAR MARINE\" \/>\n<meta property=\"og:description\" content=\"Pol\u00edticas de Privacidad En vilarmarine.com respetamos en todo momento la seguridad y confidencialidad de sus datos personales, por lo que con el fin de ofrecerle un mejor servicio, se ha desarrollado esta Pol\u00edtica de Privacidad que tiene como objetivo informarle de forma clara del tratamiento y gesti\u00f3n que hacemos de sus datos personales. Para su...\" \/>\n<meta property=\"og:url\" content=\"https:\/\/vilarmarine.com\/es\/politica-de-privacidad\/\" \/>\n<meta property=\"og:site_name\" content=\"VILAR MARINE\" \/>\n<meta property=\"article:modified_time\" content=\"2023-10-05T12:17:45+00:00\" \/>\n<meta name=\"twitter:card\" content=\"summary_large_image\" \/>\n<meta name=\"twitter:label1\" content=\"Tiempo de lectura\" \/>\n\t<meta name=\"twitter:data1\" content=\"7 minutos\" \/>\n<script type=\"application\/ld+json\" class=\"yoast-schema-graph\">{\"@context\":\"https:\/\/schema.org\",\"@graph\":[{\"@type\":\"WebPage\",\"@id\":\"https:\/\/vilarmarine.com\/es\/politica-de-privacidad\/\",\"url\":\"https:\/\/vilarmarine.com\/es\/politica-de-privacidad\/\",\"name\":\"Pol\u00edtica de Privacidad - VILAR MARINE\",\"isPartOf\":{\"@id\":\"https:\/\/vilarmarine.com\/es\/#website\"},\"datePublished\":\"2020-12-21T08:37:19+00:00\",\"dateModified\":\"2023-10-05T12:17:45+00:00\",\"breadcrumb\":{\"@id\":\"https:\/\/vilarmarine.com\/es\/politica-de-privacidad\/#breadcrumb\"},\"inLanguage\":\"es\",\"potentialAction\":[{\"@type\":\"ReadAction\",\"target\":[\"https:\/\/vilarmarine.com\/es\/politica-de-privacidad\/\"]}]},{\"@type\":\"BreadcrumbList\",\"@id\":\"https:\/\/vilarmarine.com\/es\/politica-de-privacidad\/#breadcrumb\",\"itemListElement\":[{\"@type\":\"ListItem\",\"position\":1,\"name\":\"Portada\",\"item\":\"https:\/\/vilarmarine.com\/es\/\"},{\"@type\":\"ListItem\",\"position\":2,\"name\":\"Pol\u00edtica de Privacidad\"}]},{\"@type\":\"WebSite\",\"@id\":\"https:\/\/vilarmarine.com\/es\/#website\",\"url\":\"https:\/\/vilarmarine.com\/es\/\",\"name\":\"VILAR MARINE\",\"description\":\"\",\"publisher\":{\"@id\":\"https:\/\/vilarmarine.com\/es\/#organization\"},\"potentialAction\":[{\"@type\":\"SearchAction\",\"target\":{\"@type\":\"EntryPoint\",\"urlTemplate\":\"https:\/\/vilarmarine.com\/es\/?s={search_term_string}\"},\"query-input\":\"required name=search_term_string\"}],\"inLanguage\":\"es\"},{\"@type\":\"Organization\",\"@id\":\"https:\/\/vilarmarine.com\/es\/#organization\",\"name\":\"VILAR MARINE\",\"url\":\"https:\/\/vilarmarine.com\/es\/\",\"logo\":{\"@type\":\"ImageObject\",\"inLanguage\":\"es\",\"@id\":\"https:\/\/vilarmarine.com\/es\/#\/schema\/logo\/image\/\",\"url\":\"\",\"contentUrl\":\"\",\"caption\":\"VILAR MARINE\"},\"image\":{\"@id\":\"https:\/\/vilarmarine.com\/es\/#\/schema\/logo\/image\/\"}}]}<\/script>\n<!-- \/ Yoast SEO plugin. -->","yoast_head_json":{"title":"Pol\u00edtica de Privacidad - VILAR MARINE","robots":{"index":"index","follow":"follow","max-snippet":"max-snippet:-1","max-image-preview":"max-image-preview:large","max-video-preview":"max-video-preview:-1"},"canonical":"https:\/\/vilarmarine.com\/es\/politica-de-privacidad\/","og_locale":"es_ES","og_type":"article","og_title":"Pol\u00edtica de Privacidad - VILAR MARINE","og_description":"Pol\u00edticas de Privacidad En vilarmarine.com respetamos en todo momento la seguridad y confidencialidad de sus datos personales, por lo que con el fin de ofrecerle un mejor servicio, se ha desarrollado esta Pol\u00edtica de Privacidad que tiene como objetivo informarle de forma clara del tratamiento y gesti\u00f3n que hacemos de sus datos personales. Para su...","og_url":"https:\/\/vilarmarine.com\/es\/politica-de-privacidad\/","og_site_name":"VILAR MARINE","article_modified_time":"2023-10-05T12:17:45+00:00","twitter_card":"summary_large_image","twitter_misc":{"Tiempo de lectura":"7 minutos"},"schema":{"@context":"https:\/\/schema.org","@graph":[{"@type":"WebPage","@id":"https:\/\/vilarmarine.com\/es\/politica-de-privacidad\/","url":"https:\/\/vilarmarine.com\/es\/politica-de-privacidad\/","name":"Pol\u00edtica de Privacidad - VILAR MARINE","isPartOf":{"@id":"https:\/\/vilarmarine.com\/es\/#website"},"datePublished":"2020-12-21T08:37:19+00:00","dateModified":"2023-10-05T12:17:45+00:00","breadcrumb":{"@id":"https:\/\/vilarmarine.com\/es\/politica-de-privacidad\/#breadcrumb"},"inLanguage":"es","potentialAction":[{"@type":"ReadAction","target":["https:\/\/vilarmarine.com\/es\/politica-de-privacidad\/"]}]},{"@type":"BreadcrumbList","@id":"https:\/\/vilarmarine.com\/es\/politica-de-privacidad\/#breadcrumb","itemListElement":[{"@type":"ListItem","position":1,"name":"Portada","item":"https:\/\/vilarmarine.com\/es\/"},{"@type":"ListItem","position":2,"name":"Pol\u00edtica de Privacidad"}]},{"@type":"WebSite","@id":"https:\/\/vilarmarine.com\/es\/#website","url":"https:\/\/vilarmarine.com\/es\/","name":"VILAR MARINE","description":"","publisher":{"@id":"https:\/\/vilarmarine.com\/es\/#organization"},"potentialAction":[{"@type":"SearchAction","target":{"@type":"EntryPoint","urlTemplate":"https:\/\/vilarmarine.com\/es\/?s={search_term_string}"},"query-input":"required name=search_term_string"}],"inLanguage":"es"},{"@type":"Organization","@id":"https:\/\/vilarmarine.com\/es\/#organization","name":"VILAR MARINE","url":"https:\/\/vilarmarine.com\/es\/","logo":{"@type":"ImageObject","inLanguage":"es","@id":"https:\/\/vilarmarine.com\/es\/#\/schema\/logo\/image\/","url":"","contentUrl":"","caption":"VILAR MARINE"},"image":{"@id":"https:\/\/vilarmarine.com\/es\/#\/schema\/logo\/image\/"}}]}},"_links":{"self":[{"href":"https:\/\/vilarmarine.com\/es\/wp-json\/wp\/v2\/pages\/7121"}],"collection":[{"href":"https:\/\/vilarmarine.com\/es\/wp-json\/wp\/v2\/pages"}],"about":[{"href":"https:\/\/vilarmarine.com\/es\/wp-json\/wp\/v2\/types\/page"}],"author":[{"embeddable":true,"href":"https:\/\/vilarmarine.com\/es\/wp-json\/wp\/v2\/users\/2"}],"replies":[{"embeddable":true,"href":"https:\/\/vilarmarine.com\/es\/wp-json\/wp\/v2\/comments?post=7121"}],"version-history":[{"count":10,"href":"https:\/\/vilarmarine.com\/es\/wp-json\/wp\/v2\/pages\/7121\/revisions"}],"predecessor-version":[{"id":8559,"href":"https:\/\/vilarmarine.com\/es\/wp-json\/wp\/v2\/pages\/7121\/revisions\/8559"}],"wp:attachment":[{"href":"https:\/\/vilarmarine.com\/es\/wp-json\/wp\/v2\/media?parent=7121"}],"curies":[{"name":"wp","href":"https:\/\/api.w.org\/{rel}","templated":true}]}}